{"id":248,"date":"2024-05-29T08:23:28","date_gmt":"2024-05-29T08:23:28","guid":{"rendered":"http:\/\/escuelataboga.com\/?page_id=248"},"modified":"2026-02-13T09:12:34","modified_gmt":"2026-02-13T09:12:34","slug":"licencia-navegacion-pnb","status":"publish","type":"page","link":"https:\/\/escuelataboga.com\/en\/cursos-navegacion\/licencia-navegacion-pnb\/","title":{"rendered":"Basic navigation license (PNB)"},"content":{"rendered":"\t\t<div data-elementor-type=\"wp-page\" data-elementor-id=\"248\" class=\"elementor elementor-248\" data-elementor-post-type=\"page\">\n\t\t\t\t<div class=\"elementor-element elementor-element-99448fc e-flex e-con-boxed e-con e-parent\" data-id=\"99448fc\" data-element_type=\"container\" data-e-type=\"container\">\n\t\t\t\t\t<div class=\"e-con-inner\">\n\t\t<div class=\"elementor-element elementor-element-565776b e-con-full e-flex e-con e-child\" data-id=\"565776b\" data-element_type=\"container\" data-e-type=\"container\" data-settings=\"{&quot;sticky&quot;:&quot;top&quot;,&quot;sticky_on&quot;:[&quot;widescreen&quot;,&quot;desktop&quot;,&quot;tablet&quot;],&quot;sticky_offset&quot;:200,&quot;sticky_parent&quot;:&quot;yes&quot;,&quot;sticky_effects_offset&quot;:0,&quot;sticky_anchor_link_offset&quot;:0}\">\n\t\t\t\t<div class=\"elementor-element elementor-element-4d98070 elementor-widget-divider--view-line elementor-widget elementor-widget-divider\" data-id=\"4d98070\" data-element_type=\"widget\" data-e-type=\"widget\" data-widget_type=\"divider.default\">\n\t\t\t\t<div class=\"elementor-widget-container\">\n\t\t\t\t\t\t\t<div class=\"elementor-divider\">\n\t\t\t<span class=\"elementor-divider-separator\">\n\t\t\t\t\t\t<\/span>\n\t\t<\/div>\n\t\t\t\t\t\t<\/div>\n\t\t\t\t<\/div>\n\t\t\t\t<div class=\"elementor-element elementor-element-085ff25 elementor-widget elementor-widget-text-editor\" data-id=\"085ff25\" data-element_type=\"widget\" data-e-type=\"widget\" data-widget_type=\"text-editor.default\">\n\t\t\t\t<div class=\"elementor-widget-container\">\n\t\t\t\t\t\t\t\t\t<p><b>Duraci\u00f3n:<br \/><\/b>12 horas (8h Navegaci\u00f3n + 4h Radio)<\/p><p><strong>Horario:<br \/><\/strong>A consultar<\/p>\t\t\t\t\t\t\t\t<\/div>\n\t\t\t\t<\/div>\n\t\t\t\t<div class=\"elementor-element elementor-element-e554a1c elementor-align-justify elementor-widget__width-initial elementor-widget elementor-widget-button\" data-id=\"e554a1c\" data-element_type=\"widget\" data-e-type=\"widget\" data-widget_type=\"button.default\">\n\t\t\t\t<div class=\"elementor-widget-container\">\n\t\t\t\t\t\t\t\t\t<div class=\"elementor-button-wrapper\">\n\t\t\t\t\t<a class=\"elementor-button elementor-button-link elementor-size-sm\" href=\"\/contacto\">\n\t\t\t\t\t\t<span class=\"elementor-button-content-wrapper\">\n\t\t\t\t\t\t\t\t\t<span class=\"elementor-button-text\">Contacta<\/span>\n\t\t\t\t\t<\/span>\n\t\t\t\t\t<\/a>\n\t\t\t\t<\/div>\n\t\t\t\t\t\t\t\t<\/div>\n\t\t\t\t<\/div>\n\t\t\t\t<\/div>\n\t\t<div class=\"elementor-element elementor-element-5fcf19e e-con-full e-flex e-con e-child\" data-id=\"5fcf19e\" data-element_type=\"container\" data-e-type=\"container\">\n\t\t\t\t<div class=\"elementor-element elementor-element-1fed534 elementor-widget elementor-widget-heading\" data-id=\"1fed534\" data-element_type=\"widget\" data-e-type=\"widget\" data-widget_type=\"heading.default\">\n\t\t\t\t<div class=\"elementor-widget-container\">\n\t\t\t\t\t<h1 class=\"elementor-heading-title elementor-size-default\">Licencia de navegaci\u00f3n b\u00e1sica (PNB)<\/h1>\t\t\t\t<\/div>\n\t\t\t\t<\/div>\n\t\t\t\t<div class=\"elementor-element elementor-element-18bf08b elementor-widget elementor-widget-image\" data-id=\"18bf08b\" data-element_type=\"widget\" data-e-type=\"widget\" data-widget_type=\"image.default\">\n\t\t\t\t<div class=\"elementor-widget-container\">\n\t\t\t\t\t\t\t\t\t\t\t\t\t\t\t<img fetchpriority=\"high\" decoding=\"async\" width=\"800\" height=\"500\" src=\"https:\/\/escuelataboga.com\/wp-content\/uploads\/2024\/06\/PNB.webp\" class=\"attachment-large size-large wp-image-571\" alt=\"Alumno de la Escuela Taboga manejando un velero durante las pr\u00e1cticas del curso PNB\" srcset=\"https:\/\/escuelataboga.com\/wp-content\/uploads\/2024\/06\/PNB.webp 1012w, https:\/\/escuelataboga.com\/wp-content\/uploads\/2024\/06\/PNB-300x187.webp 300w, https:\/\/escuelataboga.com\/wp-content\/uploads\/2024\/06\/PNB-768x480.webp 768w\" sizes=\"(max-width: 800px) 100vw, 800px\" \/>\t\t\t\t\t\t\t\t\t\t\t\t\t\t\t<\/div>\n\t\t\t\t<\/div>\n\t\t\t\t<div class=\"elementor-element elementor-element-259c784 elementor-widget elementor-widget-text-editor\" data-id=\"259c784\" data-element_type=\"widget\" data-e-type=\"widget\" data-widget_type=\"text-editor.default\">\n\t\t\t\t<div class=\"elementor-widget-container\">\n\t\t\t\t\t\t\t\t\tEl t\u00edtulo de Patr\u00f3n de Navegaci\u00f3n B\u00e1sica (PNB) es ideal para quienes desean iniciarse en la navegaci\u00f3n. Este t\u00edtulo permite gobernar embarcaciones de recreo a motor y vela de hasta 8 metros de eslora y motos de agua sin l\u00edmite de potencia. Con el PNB, puedes navegar hasta una distancia m\u00e1xima de 5 millas de la costa, tanto de d\u00eda como de noche.\n\t\t\t\t\t\t\t\t<\/div>\n\t\t\t\t<\/div>\n\t\t\t\t<div class=\"elementor-element elementor-element-0a2eb86 elementor-widget elementor-widget-heading\" data-id=\"0a2eb86\" data-element_type=\"widget\" data-e-type=\"widget\" data-widget_type=\"heading.default\">\n\t\t\t\t<div class=\"elementor-widget-container\">\n\t\t\t\t\t<h2 class=\"elementor-heading-title elementor-size-default\">Requisitos para obtener el t\u00edtulo<\/h2>\t\t\t\t<\/div>\n\t\t\t\t<\/div>\n\t\t\t\t<div class=\"elementor-element elementor-element-54054af elementor-widget elementor-widget-text-editor\" data-id=\"54054af\" data-element_type=\"widget\" data-e-type=\"widget\" data-widget_type=\"text-editor.default\">\n\t\t\t\t<div class=\"elementor-widget-container\">\n\t\t\t\t\t\t\t\t\t<p>Para obtener el t\u00edtulo de PNB es necesario cumplir con los siguientes requisitos:<\/p><ol><li><strong>Edad m\u00ednima<\/strong>: 18 a\u00f1os, o 16 a\u00f1os con autorizaci\u00f3n paterna.<\/li><li><strong>Examen te\u00f3rico<\/strong>: Aprobar un test de 27 preguntas.<\/li><li><strong>Pr\u00e1cticas de radio:<\/strong> Completar 4 horas de pr\u00e1cticas en un simulador.<\/li><li><strong>Pr\u00e1cticas de navegaci\u00f3n:<\/strong> Realizar 8 horas de pr\u00e1cticas en el barco.<\/li><li><strong>Revisi\u00f3n m\u00e9dica:<\/strong> Presentar un certificado m\u00e9dico similar al del carn\u00e9 de conducir.<\/li><\/ol>\t\t\t\t\t\t\t\t<\/div>\n\t\t\t\t<\/div>\n\t\t\t\t<div class=\"elementor-element elementor-element-4be1138 elementor-widget elementor-widget-heading\" data-id=\"4be1138\" data-element_type=\"widget\" data-e-type=\"widget\" data-widget_type=\"heading.default\">\n\t\t\t\t<div class=\"elementor-widget-container\">\n\t\t\t\t\t<h2 class=\"elementor-heading-title elementor-size-default\">Atribuciones del t\u00edtulo<\/h2>\t\t\t\t<\/div>\n\t\t\t\t<\/div>\n\t\t\t\t<div class=\"elementor-element elementor-element-35ca10f elementor-widget elementor-widget-text-editor\" data-id=\"35ca10f\" data-element_type=\"widget\" data-e-type=\"widget\" data-widget_type=\"text-editor.default\">\n\t\t\t\t<div class=\"elementor-widget-container\">\n\t\t\t\t\t\t\t\t\t<p>Con el t\u00edtulo de PNB, podr\u00e1s:<\/p><ul><li>Gobernar embarcaciones a motor de hasta 8 metros de eslora.<\/li><li>Gobernar embarcaciones a vela de hasta 8 metros de eslora (con habilitaci\u00f3n adicional).<\/li><li>Gobernar motos de agua de cualquier potencia.<\/li><li>Navegar hasta 5 millas de la costa, tanto de d\u00eda como de noche.<\/li><\/ul>\t\t\t\t\t\t\t\t<\/div>\n\t\t\t\t<\/div>\n\t\t\t\t<div class=\"elementor-element elementor-element-058948c elementor-widget elementor-widget-heading\" data-id=\"058948c\" data-element_type=\"widget\" data-e-type=\"widget\" data-widget_type=\"heading.default\">\n\t\t\t\t<div class=\"elementor-widget-container\">\n\t\t\t\t\t<h2 class=\"elementor-heading-title elementor-size-default\">Pr\u00e1cticas obligatorias<\/h2>\t\t\t\t<\/div>\n\t\t\t\t<\/div>\n\t\t\t\t<div class=\"elementor-element elementor-element-72b34e1 elementor-widget elementor-widget-text-editor\" data-id=\"72b34e1\" data-element_type=\"widget\" data-e-type=\"widget\" data-widget_type=\"text-editor.default\">\n\t\t\t\t<div class=\"elementor-widget-container\">\n\t\t\t\t\t\t\t\t\t<p>Las pr\u00e1cticas est\u00e1n dise\u00f1adas para que los alumnos aprendan a desenvolverse en situaciones reales de navegaci\u00f3n:<\/p><p><strong>Pr\u00e1cticas de Navegaci\u00f3n:<\/strong> 8 horas, divididas en dos bloques de 4 horas cada uno.<br \/><strong>Pr\u00e1cticas de Radio:<\/strong> 4 horas en un simulador homologado.<br \/><strong>Pr\u00e1cticas de Vela:<\/strong> 16 horas (si deseas la habilitaci\u00f3n para vela).<\/p>\t\t\t\t\t\t\t\t<\/div>\n\t\t\t\t<\/div>\n\t\t\t\t<div class=\"elementor-element elementor-element-0352488 elementor-widget elementor-widget-text-editor\" data-id=\"0352488\" data-element_type=\"widget\" data-e-type=\"widget\" data-widget_type=\"text-editor.default\">\n\t\t\t\t<div class=\"elementor-widget-container\">\n\t\t\t\t\t\t\t\t\tEn Taboga, te ofrecemos asesoramiento personalizado para ayudarte a elegir el curso que mejor se adapte a tus necesidades. Para m\u00e1s informaci\u00f3n\t\t\t\t\t\t\t\t<\/div>\n\t\t\t\t<\/div>\n\t\t\t\t<div class=\"elementor-element elementor-element-d6ba8a1 elementor-widget elementor-widget-heading\" data-id=\"d6ba8a1\" data-element_type=\"widget\" data-e-type=\"widget\" data-widget_type=\"heading.default\">\n\t\t\t\t<div class=\"elementor-widget-container\">\n\t\t\t\t\t<h2 class=\"elementor-heading-title elementor-size-default\">Informaci\u00f3n extra:<\/h2>\t\t\t\t<\/div>\n\t\t\t\t<\/div>\n\t\t\t\t<div class=\"elementor-element elementor-element-64c91bf elementor-widget elementor-widget-text-editor\" data-id=\"64c91bf\" data-element_type=\"widget\" data-e-type=\"widget\" data-widget_type=\"text-editor.default\">\n\t\t\t\t<div class=\"elementor-widget-container\">\n\t\t\t\t\t\t\t\t\t<p><strong>Examen Te\u00f3rico PNB en Andaluc\u00eda:\u00a0<\/strong><br \/><strong>Primera convocatoria 2026<\/strong><\/p><p>Fecha del examen: 21 de marzo 2026<br \/>Fecha inicio clases: a partir del 21 de enero 2026<\/p><p><strong>Segunda convocatoria 2026<\/strong><\/p><p>Fecha del examen: 13 de junio 2026<br \/>Fecha inicio clases: a partir del 13 de abril 2026<\/p><p><strong>Tercera convocatoria 2026<\/strong><\/p><p>Fecha del examen: 14 de noviembre 2026<br \/>Fecha inicio clases: a partir del 14 de septiembre2026<\/p><p><strong>El curso PNB PRESENCIAL incluye:<\/strong><\/p><ul><li>Apuntes y ex\u00e1menes resueltos PNB actualizados a 2026.<\/li><li>Pr\u00e1cticas Obligatorias de Navegaci\u00f3n y Radio (12 horas)<\/li><li>Clases presenciales: horario por determinar.<\/li><li>Lugar: Aula teor\u00eda de Escuela Taboga; Calle Zaragoza 7 (junto a Plaza San Antonio en C\u00e1diz)<\/li><\/ul>\t\t\t\t\t\t\t\t<\/div>\n\t\t\t\t<\/div>\n\t\t\t\t<\/div>\n\t\t\t\t\t<\/div>\n\t\t\t\t<\/div>\n\t\t\t\t<\/div>\n\t\t","protected":false},"excerpt":{"rendered":"<p>Duraci\u00f3n:12 horas (8h Navegaci\u00f3n + 4h Radio) Horario:A consultar Contacta El t\u00edtulo de Patr\u00f3n de Navegaci\u00f3n B\u00e1sica (PNB) es ideal para quienes desean iniciarse en la navegaci\u00f3n. Este t\u00edtulo permite gobernar embarcaciones de recreo a motor y vela de hasta 8 metros de eslora y motos de agua sin l\u00edmite de potencia. Con el PNB, [&hellip;]<\/p>\n","protected":false},"author":1,"featured_media":571,"parent":235,"menu_order":0,"comment_status":"closed","ping_status":"closed","template":"","meta":{"footnotes":""},"class_list":["post-248","page","type-page","status-publish","has-post-thumbnail","hentry"],"yoast_head":"<!-- This site is optimized with the Yoast SEO plugin v27.4 - https:\/\/yoast.com\/product\/yoast-seo-wordpress\/ -->\n<title>Curso PNB en C\u00e1diz | Licencia de Navegaci\u00f3n B\u00e1sica<\/title>\n<meta name=\"description\" content=\"Aprende a navegar con el curso PNB en C\u00e1diz. Formaci\u00f3n oficial con teor\u00eda y pr\u00e1cticas. Escuela homologada y flota propia. \u00a1Inscr\u00edbete hoy!\" \/>\n<meta name=\"robots\" content=\"index, follow, max-snippet:-1, max-image-preview:large, max-video-preview:-1\" \/>\n<link rel=\"canonical\" href=\"https:\/\/escuelataboga.com\/en\/cursos-navegacion\/licencia-navegacion-pnb\/\" \/>\n<meta property=\"og:locale\" content=\"en_GB\" \/>\n<meta property=\"og:type\" content=\"article\" \/>\n<meta property=\"og:title\" content=\"Curso PNB en C\u00e1diz | Licencia de Navegaci\u00f3n B\u00e1sica\" \/>\n<meta property=\"og:description\" content=\"Aprende a navegar con el curso PNB en C\u00e1diz. Formaci\u00f3n oficial con teor\u00eda y pr\u00e1cticas. Escuela homologada y flota propia. \u00a1Inscr\u00edbete hoy!\" \/>\n<meta property=\"og:url\" content=\"https:\/\/escuelataboga.com\/en\/cursos-navegacion\/licencia-navegacion-pnb\/\" \/>\n<meta property=\"og:site_name\" content=\"Escuela Taboga\" \/>\n<meta property=\"article:publisher\" content=\"https:\/\/www.facebook.com\/EsculaDeNavegacionTaboga\" \/>\n<meta property=\"article:modified_time\" content=\"2026-02-13T09:12:34+00:00\" \/>\n<meta property=\"og:image\" content=\"http:\/\/escuelataboga.com\/wp-content\/uploads\/2024\/06\/PNB.webp\" \/>\n\t<meta property=\"og:image:width\" content=\"1012\" \/>\n\t<meta property=\"og:image:height\" content=\"632\" \/>\n\t<meta property=\"og:image:type\" content=\"image\/webp\" \/>\n<meta name=\"twitter:card\" content=\"summary_large_image\" \/>\n<meta name=\"twitter:label1\" content=\"Estimated reading time\" \/>\n\t<meta name=\"twitter:data1\" content=\"3 minutes\" \/>\n<script type=\"application\/ld+json\" class=\"yoast-schema-graph\">{\"@context\":\"https:\\\/\\\/schema.org\",\"@graph\":[{\"@type\":\"WebPage\",\"@id\":\"https:\\\/\\\/escuelataboga.com\\\/cursos-navegacion\\\/licencia-navegacion-pnb\\\/\",\"url\":\"https:\\\/\\\/escuelataboga.com\\\/cursos-navegacion\\\/licencia-navegacion-pnb\\\/\",\"name\":\"Curso PNB en C\u00e1diz | Licencia de Navegaci\u00f3n B\u00e1sica\",\"isPartOf\":{\"@id\":\"https:\\\/\\\/escuelataboga.com\\\/#website\"},\"primaryImageOfPage\":{\"@id\":\"https:\\\/\\\/escuelataboga.com\\\/cursos-navegacion\\\/licencia-navegacion-pnb\\\/#primaryimage\"},\"image\":{\"@id\":\"https:\\\/\\\/escuelataboga.com\\\/cursos-navegacion\\\/licencia-navegacion-pnb\\\/#primaryimage\"},\"thumbnailUrl\":\"https:\\\/\\\/escuelataboga.com\\\/wp-content\\\/uploads\\\/2024\\\/06\\\/PNB.webp\",\"datePublished\":\"2024-05-29T08:23:28+00:00\",\"dateModified\":\"2026-02-13T09:12:34+00:00\",\"description\":\"Aprende a navegar con el curso PNB en C\u00e1diz. Formaci\u00f3n oficial con teor\u00eda y pr\u00e1cticas. Escuela homologada y flota propia. \u00a1Inscr\u00edbete hoy!\",\"breadcrumb\":{\"@id\":\"https:\\\/\\\/escuelataboga.com\\\/cursos-navegacion\\\/licencia-navegacion-pnb\\\/#breadcrumb\"},\"inLanguage\":\"en-GB\",\"potentialAction\":[{\"@type\":\"ReadAction\",\"target\":[\"https:\\\/\\\/escuelataboga.com\\\/cursos-navegacion\\\/licencia-navegacion-pnb\\\/\"]}]},{\"@type\":\"ImageObject\",\"inLanguage\":\"en-GB\",\"@id\":\"https:\\\/\\\/escuelataboga.com\\\/cursos-navegacion\\\/licencia-navegacion-pnb\\\/#primaryimage\",\"url\":\"https:\\\/\\\/escuelataboga.com\\\/wp-content\\\/uploads\\\/2024\\\/06\\\/PNB.webp\",\"contentUrl\":\"https:\\\/\\\/escuelataboga.com\\\/wp-content\\\/uploads\\\/2024\\\/06\\\/PNB.webp\",\"width\":1012,\"height\":632,\"caption\":\"Alumno de la Escuela Taboga manejando un velero durante las pr\u00e1cticas del curso PNB\"},{\"@type\":\"BreadcrumbList\",\"@id\":\"https:\\\/\\\/escuelataboga.com\\\/cursos-navegacion\\\/licencia-navegacion-pnb\\\/#breadcrumb\",\"itemListElement\":[{\"@type\":\"ListItem\",\"position\":1,\"name\":\"Portada\",\"item\":\"https:\\\/\\\/escuelataboga.com\\\/\"},{\"@type\":\"ListItem\",\"position\":2,\"name\":\"Cursos de navegaci\u00f3n C\u00e1diz\",\"item\":\"https:\\\/\\\/escuelataboga.com\\\/cursos-navegacion\\\/\"},{\"@type\":\"ListItem\",\"position\":3,\"name\":\"Licencia de navegaci\u00f3n b\u00e1sica (PNB)\"}]},{\"@type\":\"WebSite\",\"@id\":\"https:\\\/\\\/escuelataboga.com\\\/#website\",\"url\":\"https:\\\/\\\/escuelataboga.com\\\/\",\"name\":\"Escuela Taboga\",\"description\":\"Escuela de navegaci\u00f3n y na\u00fatica en C\u00e1diz\",\"publisher\":{\"@id\":\"https:\\\/\\\/escuelataboga.com\\\/#organization\"},\"alternateName\":\"Escuela na\u00fatica Taboga\",\"potentialAction\":[{\"@type\":\"SearchAction\",\"target\":{\"@type\":\"EntryPoint\",\"urlTemplate\":\"https:\\\/\\\/escuelataboga.com\\\/?s={search_term_string}\"},\"query-input\":{\"@type\":\"PropertyValueSpecification\",\"valueRequired\":true,\"valueName\":\"search_term_string\"}}],\"inLanguage\":\"en-GB\"},{\"@type\":\"Organization\",\"@id\":\"https:\\\/\\\/escuelataboga.com\\\/#organization\",\"name\":\"Escuela na\u00fatica Taboga\",\"alternateName\":\"Escuela de navegaci\u00f3n y na\u00fatica Taboga en C\u00e1diz\",\"url\":\"https:\\\/\\\/escuelataboga.com\\\/\",\"logo\":{\"@type\":\"ImageObject\",\"inLanguage\":\"en-GB\",\"@id\":\"https:\\\/\\\/escuelataboga.com\\\/#\\\/schema\\\/logo\\\/image\\\/\",\"url\":\"https:\\\/\\\/escuelataboga.com\\\/wp-content\\\/uploads\\\/2024\\\/05\\\/taboga-ico.svg\",\"contentUrl\":\"https:\\\/\\\/escuelataboga.com\\\/wp-content\\\/uploads\\\/2024\\\/05\\\/taboga-ico.svg\",\"width\":512,\"height\":512,\"caption\":\"Escuela na\u00fatica Taboga\"},\"image\":{\"@id\":\"https:\\\/\\\/escuelataboga.com\\\/#\\\/schema\\\/logo\\\/image\\\/\"},\"sameAs\":[\"https:\\\/\\\/www.facebook.com\\\/EsculaDeNavegacionTaboga\",\"https:\\\/\\\/www.instagram.com\\\/tabogaescuela\\\/\"]}]}<\/script>\n<!-- \/ Yoast SEO plugin. -->","yoast_head_json":{"title":"PNB Course in C\u00e1diz | Basic Navigation License","description":"Learn to sail with the PNB course in C\u00e1diz. Official training with theory and practical experience. Approved school and our own fleet. Sign up today!","robots":{"index":"index","follow":"follow","max-snippet":"max-snippet:-1","max-image-preview":"max-image-preview:large","max-video-preview":"max-video-preview:-1"},"canonical":"https:\/\/escuelataboga.com\/en\/cursos-navegacion\/licencia-navegacion-pnb\/","og_locale":"en_GB","og_type":"article","og_title":"Curso PNB en C\u00e1diz | Licencia de Navegaci\u00f3n B\u00e1sica","og_description":"Aprende a navegar con el curso PNB en C\u00e1diz. Formaci\u00f3n oficial con teor\u00eda y pr\u00e1cticas. Escuela homologada y flota propia. \u00a1Inscr\u00edbete hoy!","og_url":"https:\/\/escuelataboga.com\/en\/cursos-navegacion\/licencia-navegacion-pnb\/","og_site_name":"Escuela Taboga","article_publisher":"https:\/\/www.facebook.com\/EsculaDeNavegacionTaboga","article_modified_time":"2026-02-13T09:12:34+00:00","og_image":[{"width":1012,"height":632,"url":"http:\/\/escuelataboga.com\/wp-content\/uploads\/2024\/06\/PNB.webp","type":"image\/webp"}],"twitter_card":"summary_large_image","twitter_misc":{"Estimated reading time":"3 minutes"},"schema":{"@context":"https:\/\/schema.org","@graph":[{"@type":"WebPage","@id":"https:\/\/escuelataboga.com\/cursos-navegacion\/licencia-navegacion-pnb\/","url":"https:\/\/escuelataboga.com\/cursos-navegacion\/licencia-navegacion-pnb\/","name":"PNB Course in C\u00e1diz | Basic Navigation License","isPartOf":{"@id":"https:\/\/escuelataboga.com\/#website"},"primaryImageOfPage":{"@id":"https:\/\/escuelataboga.com\/cursos-navegacion\/licencia-navegacion-pnb\/#primaryimage"},"image":{"@id":"https:\/\/escuelataboga.com\/cursos-navegacion\/licencia-navegacion-pnb\/#primaryimage"},"thumbnailUrl":"https:\/\/escuelataboga.com\/wp-content\/uploads\/2024\/06\/PNB.webp","datePublished":"2024-05-29T08:23:28+00:00","dateModified":"2026-02-13T09:12:34+00:00","description":"Learn to sail with the PNB course in C\u00e1diz. Official training with theory and practical experience. Approved school and our own fleet. Sign up today!","breadcrumb":{"@id":"https:\/\/escuelataboga.com\/cursos-navegacion\/licencia-navegacion-pnb\/#breadcrumb"},"inLanguage":"en-GB","potentialAction":[{"@type":"ReadAction","target":["https:\/\/escuelataboga.com\/cursos-navegacion\/licencia-navegacion-pnb\/"]}]},{"@type":"ImageObject","inLanguage":"en-GB","@id":"https:\/\/escuelataboga.com\/cursos-navegacion\/licencia-navegacion-pnb\/#primaryimage","url":"https:\/\/escuelataboga.com\/wp-content\/uploads\/2024\/06\/PNB.webp","contentUrl":"https:\/\/escuelataboga.com\/wp-content\/uploads\/2024\/06\/PNB.webp","width":1012,"height":632,"caption":"Alumno de la Escuela Taboga manejando un velero durante las pr\u00e1cticas del curso PNB"},{"@type":"BreadcrumbList","@id":"https:\/\/escuelataboga.com\/cursos-navegacion\/licencia-navegacion-pnb\/#breadcrumb","itemListElement":[{"@type":"ListItem","position":1,"name":"Portada","item":"https:\/\/escuelataboga.com\/"},{"@type":"ListItem","position":2,"name":"Cursos de navegaci\u00f3n C\u00e1diz","item":"https:\/\/escuelataboga.com\/cursos-navegacion\/"},{"@type":"ListItem","position":3,"name":"Licencia de navegaci\u00f3n b\u00e1sica (PNB)"}]},{"@type":"WebSite","@id":"https:\/\/escuelataboga.com\/#website","url":"https:\/\/escuelataboga.com\/","name":"Taboga School","description":"School of navigation and nautical science in Cadiz","publisher":{"@id":"https:\/\/escuelataboga.com\/#organization"},"alternateName":"Escuela na\u00fatica Taboga","potentialAction":[{"@type":"SearchAction","target":{"@type":"EntryPoint","urlTemplate":"https:\/\/escuelataboga.com\/?s={search_term_string}"},"query-input":{"@type":"PropertyValueSpecification","valueRequired":true,"valueName":"search_term_string"}}],"inLanguage":"en-GB"},{"@type":"Organization","@id":"https:\/\/escuelataboga.com\/#organization","name":"Taboga Nautical School","alternateName":"Escuela de navegaci\u00f3n y na\u00fatica Taboga en C\u00e1diz","url":"https:\/\/escuelataboga.com\/","logo":{"@type":"ImageObject","inLanguage":"en-GB","@id":"https:\/\/escuelataboga.com\/#\/schema\/logo\/image\/","url":"https:\/\/escuelataboga.com\/wp-content\/uploads\/2024\/05\/taboga-ico.svg","contentUrl":"https:\/\/escuelataboga.com\/wp-content\/uploads\/2024\/05\/taboga-ico.svg","width":512,"height":512,"caption":"Escuela na\u00fatica Taboga"},"image":{"@id":"https:\/\/escuelataboga.com\/#\/schema\/logo\/image\/"},"sameAs":["https:\/\/www.facebook.com\/EsculaDeNavegacionTaboga","https:\/\/www.instagram.com\/tabogaescuela\/"]}]}},"_links":{"self":[{"href":"https:\/\/escuelataboga.com\/en\/wp-json\/wp\/v2\/pages\/248","targetHints":{"allow":["GET"]}}],"collection":[{"href":"https:\/\/escuelataboga.com\/en\/wp-json\/wp\/v2\/pages"}],"about":[{"href":"https:\/\/escuelataboga.com\/en\/wp-json\/wp\/v2\/types\/page"}],"author":[{"embeddable":true,"href":"https:\/\/escuelataboga.com\/en\/wp-json\/wp\/v2\/users\/1"}],"replies":[{"embeddable":true,"href":"https:\/\/escuelataboga.com\/en\/wp-json\/wp\/v2\/comments?post=248"}],"version-history":[{"count":6,"href":"https:\/\/escuelataboga.com\/en\/wp-json\/wp\/v2\/pages\/248\/revisions"}],"predecessor-version":[{"id":2132,"href":"https:\/\/escuelataboga.com\/en\/wp-json\/wp\/v2\/pages\/248\/revisions\/2132"}],"up":[{"embeddable":true,"href":"https:\/\/escuelataboga.com\/en\/wp-json\/wp\/v2\/pages\/235"}],"wp:featuredmedia":[{"embeddable":true,"href":"https:\/\/escuelataboga.com\/en\/wp-json\/wp\/v2\/media\/571"}],"wp:attachment":[{"href":"https:\/\/escuelataboga.com\/en\/wp-json\/wp\/v2\/media?parent=248"}],"curies":[{"name":"wp","href":"https:\/\/api.w.org\/{rel}","templated":true}]}}