{"id":457,"date":"2024-06-11T08:11:03","date_gmt":"2024-06-11T08:11:03","guid":{"rendered":"http:\/\/escuelataboga.com\/?page_id=457"},"modified":"2026-02-13T09:09:14","modified_gmt":"2026-02-13T09:09:14","slug":"licencia-de-navegacion-titulin","status":"publish","type":"page","link":"https:\/\/escuelataboga.com\/en\/cursos-navegacion\/licencia-de-navegacion-titulin\/","title":{"rendered":"Navigation license (Titul\u00edn)"},"content":{"rendered":"\t\t<div data-elementor-type=\"wp-page\" data-elementor-id=\"457\" class=\"elementor elementor-457\" data-elementor-post-type=\"page\">\n\t\t\t\t<div class=\"elementor-element elementor-element-b9bbf6e e-flex e-con-boxed e-con e-parent\" data-id=\"b9bbf6e\" data-element_type=\"container\" data-e-type=\"container\">\n\t\t\t\t\t<div class=\"e-con-inner\">\n\t\t<div class=\"elementor-element elementor-element-c650782 e-con-full e-flex e-con e-child\" data-id=\"c650782\" data-element_type=\"container\" data-e-type=\"container\" data-settings=\"{&quot;sticky&quot;:&quot;top&quot;,&quot;sticky_on&quot;:[&quot;widescreen&quot;,&quot;desktop&quot;,&quot;tablet&quot;],&quot;sticky_offset&quot;:200,&quot;sticky_parent&quot;:&quot;yes&quot;,&quot;sticky_effects_offset&quot;:0,&quot;sticky_anchor_link_offset&quot;:0}\">\n\t\t\t\t<div class=\"elementor-element elementor-element-bc90cd8 elementor-widget-divider--view-line elementor-widget elementor-widget-divider\" data-id=\"bc90cd8\" data-element_type=\"widget\" data-e-type=\"widget\" data-widget_type=\"divider.default\">\n\t\t\t\t<div class=\"elementor-widget-container\">\n\t\t\t\t\t\t\t<div class=\"elementor-divider\">\n\t\t\t<span class=\"elementor-divider-separator\">\n\t\t\t\t\t\t<\/span>\n\t\t<\/div>\n\t\t\t\t\t\t<\/div>\n\t\t\t\t<\/div>\n\t\t\t\t<div class=\"elementor-element elementor-element-07d5faf elementor-widget elementor-widget-text-editor\" data-id=\"07d5faf\" data-element_type=\"widget\" data-e-type=\"widget\" data-widget_type=\"text-editor.default\">\n\t\t\t\t<div class=\"elementor-widget-container\">\n\t\t\t\t\t\t\t\t\t<p><b>Duraci\u00f3n:<br \/><\/b>6 horas<\/p><p><strong>Horario:<br \/><\/strong>Viernes de 16:00 a 22:00h<\/p>\t\t\t\t\t\t\t\t<\/div>\n\t\t\t\t<\/div>\n\t\t\t\t<div class=\"elementor-element elementor-element-c2a16cf elementor-align-justify elementor-widget__width-initial elementor-widget elementor-widget-button\" data-id=\"c2a16cf\" data-element_type=\"widget\" data-e-type=\"widget\" data-widget_type=\"button.default\">\n\t\t\t\t<div class=\"elementor-widget-container\">\n\t\t\t\t\t\t\t\t\t<div class=\"elementor-button-wrapper\">\n\t\t\t\t\t<a class=\"elementor-button elementor-button-link elementor-size-sm\" href=\"\/contacto\">\n\t\t\t\t\t\t<span class=\"elementor-button-content-wrapper\">\n\t\t\t\t\t\t\t\t\t<span class=\"elementor-button-text\">Contacta<\/span>\n\t\t\t\t\t<\/span>\n\t\t\t\t\t<\/a>\n\t\t\t\t<\/div>\n\t\t\t\t\t\t\t\t<\/div>\n\t\t\t\t<\/div>\n\t\t\t\t<\/div>\n\t\t<div class=\"elementor-element elementor-element-35c70de e-con-full e-flex e-con e-child\" data-id=\"35c70de\" data-element_type=\"container\" data-e-type=\"container\">\n\t\t\t\t<div class=\"elementor-element elementor-element-42752f6 elementor-widget elementor-widget-heading\" data-id=\"42752f6\" data-element_type=\"widget\" data-e-type=\"widget\" data-widget_type=\"heading.default\">\n\t\t\t\t<div class=\"elementor-widget-container\">\n\t\t\t\t\t<h1 class=\"elementor-heading-title elementor-size-default\">Licencia de navegaci\u00f3n (Titul\u00edn)<\/h1>\t\t\t\t<\/div>\n\t\t\t\t<\/div>\n\t\t\t\t<div class=\"elementor-element elementor-element-282720b elementor-widget elementor-widget-image\" data-id=\"282720b\" data-element_type=\"widget\" data-e-type=\"widget\" data-widget_type=\"image.default\">\n\t\t\t\t<div class=\"elementor-widget-container\">\n\t\t\t\t\t\t\t\t\t\t\t\t\t\t\t<img fetchpriority=\"high\" decoding=\"async\" width=\"800\" height=\"500\" src=\"https:\/\/escuelataboga.com\/wp-content\/uploads\/2024\/06\/titulin-y-licencia-de-navegacion.webp\" class=\"attachment-large size-large wp-image-838\" alt=\"Pr\u00e1ctica en velero para obtener la Licencia de Navegaci\u00f3n en la Bah\u00eda de C\u00e1diz\" srcset=\"https:\/\/escuelataboga.com\/wp-content\/uploads\/2024\/06\/titulin-y-licencia-de-navegacion.webp 1012w, https:\/\/escuelataboga.com\/wp-content\/uploads\/2024\/06\/titulin-y-licencia-de-navegacion-300x187.webp 300w, https:\/\/escuelataboga.com\/wp-content\/uploads\/2024\/06\/titulin-y-licencia-de-navegacion-768x480.webp 768w\" sizes=\"(max-width: 800px) 100vw, 800px\" \/>\t\t\t\t\t\t\t\t\t\t\t\t\t\t\t<\/div>\n\t\t\t\t<\/div>\n\t\t\t\t<div class=\"elementor-element elementor-element-c43e2f5 elementor-widget elementor-widget-text-editor\" data-id=\"c43e2f5\" data-element_type=\"widget\" data-e-type=\"widget\" data-widget_type=\"text-editor.default\">\n\t\t\t\t<div class=\"elementor-widget-container\">\n\t\t\t\t\t\t\t\t\tLa Licencia de Navegaci\u00f3n, conocida tambi\u00e9n como Titul\u00edn, es la certificaci\u00f3n n\u00e1utica m\u00e1s b\u00e1sica que permite gobernar embarcaciones de recreo y motos de agua. Es ideal para aquellos que desean iniciarse en la navegaci\u00f3n de manera sencilla y r\u00e1pida, sin necesidad de realizar ex\u00e1menes complejos.\t\t\t\t\t\t\t\t<\/div>\n\t\t\t\t<\/div>\n\t\t\t\t<div class=\"elementor-element elementor-element-154ea7f elementor-widget elementor-widget-heading\" data-id=\"154ea7f\" data-element_type=\"widget\" data-e-type=\"widget\" data-widget_type=\"heading.default\">\n\t\t\t\t<div class=\"elementor-widget-container\">\n\t\t\t\t\t<h2 class=\"elementor-heading-title elementor-size-default\">Atribuciones de la Licencia de Navegaci\u00f3n<\/h2>\t\t\t\t<\/div>\n\t\t\t\t<\/div>\n\t\t\t\t<div class=\"elementor-element elementor-element-0e61fbb elementor-widget elementor-widget-text-editor\" data-id=\"0e61fbb\" data-element_type=\"widget\" data-e-type=\"widget\" data-widget_type=\"text-editor.default\">\n\t\t\t\t<div class=\"elementor-widget-container\">\n\t\t\t\t\t\t\t\t\t<p>Con la Licencia de Navegaci\u00f3n podr\u00e1s:<\/p><ul><li>Gobernar embarcaciones de hasta 6 metros de eslora y una potencia de motor adecuada seg\u00fan su<br \/>fabricante.<\/li><li>Tambi\u00e9n habilitan para gobierno de motos n\u00e1uticas SIN LIMITE DE POTENCIA.<\/li><li>Las navegaciones autorizadas ser\u00e1n desde la salida a la puesta de sol, NAVEGACION DIURNA siempre que no se alejen m\u00e1s de 2 millas n\u00e1uticas en cualquier direcci\u00f3n de un puerto, marina o lugar de abrigo.<\/li><li>NO HAY EXAMEN, la Licencia de Navegaci\u00f3n la entregamos el mismo d\u00eda, al finalizar el curso.<\/li><li>Las pr\u00e1cticas se realizan en una embarcaci\u00f3n de 12 metros de eslora, normalmente los viernes de 16:00 a 22:00, saliendo desde el Real Club N\u00e1utico de C\u00e1diz.(Punta de San Felipe S\/N, C\u00e1diz)<\/li><li>Para poder realizar el curso necesitamos saber el mi\u00e9rcoles antes de las 15:30 horas su nombre completo y n\u00famero del DNI; Excepcionalmente se podr\u00e1 comunicar el jueves antes de las 15:30 horas.<\/li><\/ul>\t\t\t\t\t\t\t\t<\/div>\n\t\t\t\t<\/div>\n\t\t\t\t<div class=\"elementor-element elementor-element-9bfc9d0 elementor-widget elementor-widget-text-editor\" data-id=\"9bfc9d0\" data-element_type=\"widget\" data-e-type=\"widget\" data-widget_type=\"text-editor.default\">\n\t\t\t\t<div class=\"elementor-widget-container\">\n\t\t\t\t\t\t\t\t\tDurante mucho tiempo, el Titul\u00edn era la opci\u00f3n preferida para aquellos que quer\u00edan iniciarse en la navegaci\u00f3n con embarcaciones peque\u00f1as. Hoy en d\u00eda, este t\u00edtulo ha evolucionado y se conoce como la Licencia de Navegaci\u00f3n. Esta licencia sigue siendo la opci\u00f3n m\u00e1s accesible y sencilla para iniciarse en la navegaci\u00f3n de recreo, pero con mayores facilidades y una estructura m\u00e1s moderna.\t\t\t\t\t\t\t\t<\/div>\n\t\t\t\t<\/div>\n\t\t\t\t<div class=\"elementor-element elementor-element-bab21a1 elementor-widget elementor-widget-heading\" data-id=\"bab21a1\" data-element_type=\"widget\" data-e-type=\"widget\" data-widget_type=\"heading.default\">\n\t\t\t\t<div class=\"elementor-widget-container\">\n\t\t\t\t\t<h2 class=\"elementor-heading-title elementor-size-default\">Requisitos para Obtener la Licencia<\/h2>\t\t\t\t<\/div>\n\t\t\t\t<\/div>\n\t\t\t\t<div class=\"elementor-element elementor-element-29d33d7 elementor-widget elementor-widget-text-editor\" data-id=\"29d33d7\" data-element_type=\"widget\" data-e-type=\"widget\" data-widget_type=\"text-editor.default\">\n\t\t\t\t<div class=\"elementor-widget-container\">\n\t\t\t\t\t\t\t\t\t<p>Para obtener la Licencia de Navegaci\u00f3n con Taboga, necesitas cumplir con los siguientes requisitos:<\/p><ul><li><b>Edad m\u00ednima de 18 a\u00f1os<\/b>: Los menores de edad (16 a\u00f1os) deben contar con una autorizaci\u00f3n de los padres o tutores.<\/li><li>Asistir a <strong>4 horas de clases pr\u00e1cticas de navegaci\u00f3n y 2 horas de ense\u00f1anza<\/strong><br \/><strong>te\u00f3rica.<\/strong><\/li><li><b>Certificado m\u00e9dico<\/b>: Similar al requerido para el carn\u00e9 de conducir<\/li><\/ul>\t\t\t\t\t\t\t\t<\/div>\n\t\t\t\t<\/div>\n\t\t\t\t<div class=\"elementor-element elementor-element-68c2e73 elementor-widget elementor-widget-heading\" data-id=\"68c2e73\" data-element_type=\"widget\" data-e-type=\"widget\" data-widget_type=\"heading.default\">\n\t\t\t\t<div class=\"elementor-widget-container\">\n\t\t\t\t\t<h2 class=\"elementor-heading-title elementor-size-default\">Contenido del Curso<\/h2>\t\t\t\t<\/div>\n\t\t\t\t<\/div>\n\t\t\t\t<div class=\"elementor-element elementor-element-9353a20 elementor-widget elementor-widget-text-editor\" data-id=\"9353a20\" data-element_type=\"widget\" data-e-type=\"widget\" data-widget_type=\"text-editor.default\">\n\t\t\t\t<div class=\"elementor-widget-container\">\n\t\t\t\t\t\t\t\t\t<p>El curso de Licencia de Navegaci\u00f3n con Taboga incluye:<\/p><ul><li><strong>Parte te\u00f3rica:<\/strong> Normativa b\u00e1sica de navegaci\u00f3n, reglas de seguridad, y conocimientos fundamentales sobre el manejo de embarcaciones.<\/li><li><strong>Parte pr\u00e1ctica:<\/strong> Maniobras b\u00e1sicas de atraque y desatraque, seguridad en la navegaci\u00f3n, manejo de equipos y procedimientos<\/li><\/ul>\t\t\t\t\t\t\t\t<\/div>\n\t\t\t\t<\/div>\n\t\t\t\t<div class=\"elementor-element elementor-element-038ac5c elementor-widget elementor-widget-heading\" data-id=\"038ac5c\" data-element_type=\"widget\" data-e-type=\"widget\" data-widget_type=\"heading.default\">\n\t\t\t\t<div class=\"elementor-widget-container\">\n\t\t\t\t\t<h2 class=\"elementor-heading-title elementor-size-default\">El antiguo titul\u00edn<\/h2>\t\t\t\t<\/div>\n\t\t\t\t<\/div>\n\t\t\t\t<div class=\"elementor-element elementor-element-55b3499 elementor-widget elementor-widget-text-editor\" data-id=\"55b3499\" data-element_type=\"widget\" data-e-type=\"widget\" data-widget_type=\"text-editor.default\">\n\t\t\t\t<div class=\"elementor-widget-container\">\n\t\t\t\t\t\t\t\t\t<p>Para canjear el antiguo titul\u00edn por la Licencia de Navegaci\u00f3n, se necesita:<\/p><ul><li>Reconocimiento m\u00e9dico de un centro de conductores<\/li><li>Fotocopia del DNI y del antiguo titul\u00edn<\/li><li>Realizar 4 horas de pr\u00e1cticas de navegaci\u00f3n<\/li><li>PRECIO: 66\u20ac + IVA<\/li><\/ul>\t\t\t\t\t\t\t\t<\/div>\n\t\t\t\t<\/div>\n\t\t\t\t<\/div>\n\t\t\t\t\t<\/div>\n\t\t\t\t<\/div>\n\t\t\t\t<\/div>\n\t\t","protected":false},"excerpt":{"rendered":"<p>Duraci\u00f3n:6 horas Horario:Viernes de 16:00 a 22:00h Contacta La Licencia de Navegaci\u00f3n, conocida tambi\u00e9n como Titul\u00edn, es la certificaci\u00f3n n\u00e1utica m\u00e1s b\u00e1sica que permite gobernar embarcaciones de recreo y motos de agua. Es ideal para aquellos que desean iniciarse en la navegaci\u00f3n de manera sencilla y r\u00e1pida, sin necesidad de realizar ex\u00e1menes complejos. Atribuciones de [&hellip;]<\/p>\n","protected":false},"author":3,"featured_media":838,"parent":235,"menu_order":0,"comment_status":"closed","ping_status":"closed","template":"","meta":{"footnotes":""},"class_list":["post-457","page","type-page","status-publish","has-post-thumbnail","hentry"],"yoast_head":"<!-- This site is optimized with the Yoast SEO plugin v27.4 - https:\/\/yoast.com\/product\/yoast-seo-wordpress\/ -->\n<title>Licencia de Navegaci\u00f3n en C\u00e1diz | Titul\u00edn Oficial<\/title>\n<meta name=\"description\" content=\"Consigue tu titul\u00edn en un d\u00eda. Licencia de navegaci\u00f3n en C\u00e1diz sin examen. Curso pr\u00e1ctico de 6 horas con instructores cualificados. \u00a1Ap\u00fantate!\" \/>\n<meta name=\"robots\" content=\"index, follow, max-snippet:-1, max-image-preview:large, max-video-preview:-1\" \/>\n<link rel=\"canonical\" href=\"https:\/\/escuelataboga.com\/en\/cursos-navegacion\/licencia-de-navegacion-titulin\/\" \/>\n<meta property=\"og:locale\" content=\"en_GB\" \/>\n<meta property=\"og:type\" content=\"article\" \/>\n<meta property=\"og:title\" content=\"Licencia de Navegaci\u00f3n en C\u00e1diz | Titul\u00edn Oficial\" \/>\n<meta property=\"og:description\" content=\"Consigue tu titul\u00edn en un d\u00eda. Licencia de navegaci\u00f3n en C\u00e1diz sin examen. Curso pr\u00e1ctico de 6 horas con instructores cualificados. \u00a1Ap\u00fantate!\" \/>\n<meta property=\"og:url\" content=\"https:\/\/escuelataboga.com\/en\/cursos-navegacion\/licencia-de-navegacion-titulin\/\" \/>\n<meta property=\"og:site_name\" content=\"Escuela Taboga\" \/>\n<meta property=\"article:publisher\" content=\"https:\/\/www.facebook.com\/EsculaDeNavegacionTaboga\" \/>\n<meta property=\"article:modified_time\" content=\"2026-02-13T09:09:14+00:00\" \/>\n<meta property=\"og:image\" content=\"http:\/\/escuelataboga.com\/wp-content\/uploads\/2024\/06\/titulin-y-licencia-de-navegacion.webp\" \/>\n\t<meta property=\"og:image:width\" content=\"1012\" \/>\n\t<meta property=\"og:image:height\" content=\"632\" \/>\n\t<meta property=\"og:image:type\" content=\"image\/webp\" \/>\n<meta name=\"twitter:card\" content=\"summary_large_image\" \/>\n<meta name=\"twitter:label1\" content=\"Estimated reading time\" \/>\n\t<meta name=\"twitter:data1\" content=\"3 minutes\" \/>\n<script type=\"application\/ld+json\" class=\"yoast-schema-graph\">{\"@context\":\"https:\\\/\\\/schema.org\",\"@graph\":[{\"@type\":\"WebPage\",\"@id\":\"https:\\\/\\\/escuelataboga.com\\\/cursos-navegacion\\\/licencia-de-navegacion-titulin\\\/\",\"url\":\"https:\\\/\\\/escuelataboga.com\\\/cursos-navegacion\\\/licencia-de-navegacion-titulin\\\/\",\"name\":\"Licencia de Navegaci\u00f3n en C\u00e1diz | Titul\u00edn Oficial\",\"isPartOf\":{\"@id\":\"https:\\\/\\\/escuelataboga.com\\\/#website\"},\"primaryImageOfPage\":{\"@id\":\"https:\\\/\\\/escuelataboga.com\\\/cursos-navegacion\\\/licencia-de-navegacion-titulin\\\/#primaryimage\"},\"image\":{\"@id\":\"https:\\\/\\\/escuelataboga.com\\\/cursos-navegacion\\\/licencia-de-navegacion-titulin\\\/#primaryimage\"},\"thumbnailUrl\":\"https:\\\/\\\/escuelataboga.com\\\/wp-content\\\/uploads\\\/2024\\\/06\\\/titulin-y-licencia-de-navegacion.webp\",\"datePublished\":\"2024-06-11T08:11:03+00:00\",\"dateModified\":\"2026-02-13T09:09:14+00:00\",\"description\":\"Consigue tu titul\u00edn en un d\u00eda. Licencia de navegaci\u00f3n en C\u00e1diz sin examen. Curso pr\u00e1ctico de 6 horas con instructores cualificados. \u00a1Ap\u00fantate!\",\"breadcrumb\":{\"@id\":\"https:\\\/\\\/escuelataboga.com\\\/cursos-navegacion\\\/licencia-de-navegacion-titulin\\\/#breadcrumb\"},\"inLanguage\":\"en-GB\",\"potentialAction\":[{\"@type\":\"ReadAction\",\"target\":[\"https:\\\/\\\/escuelataboga.com\\\/cursos-navegacion\\\/licencia-de-navegacion-titulin\\\/\"]}]},{\"@type\":\"ImageObject\",\"inLanguage\":\"en-GB\",\"@id\":\"https:\\\/\\\/escuelataboga.com\\\/cursos-navegacion\\\/licencia-de-navegacion-titulin\\\/#primaryimage\",\"url\":\"https:\\\/\\\/escuelataboga.com\\\/wp-content\\\/uploads\\\/2024\\\/06\\\/titulin-y-licencia-de-navegacion.webp\",\"contentUrl\":\"https:\\\/\\\/escuelataboga.com\\\/wp-content\\\/uploads\\\/2024\\\/06\\\/titulin-y-licencia-de-navegacion.webp\",\"width\":1012,\"height\":632,\"caption\":\"Pr\u00e1ctica en velero para obtener la Licencia de Navegaci\u00f3n en la Bah\u00eda de C\u00e1diz\"},{\"@type\":\"BreadcrumbList\",\"@id\":\"https:\\\/\\\/escuelataboga.com\\\/cursos-navegacion\\\/licencia-de-navegacion-titulin\\\/#breadcrumb\",\"itemListElement\":[{\"@type\":\"ListItem\",\"position\":1,\"name\":\"Portada\",\"item\":\"https:\\\/\\\/escuelataboga.com\\\/\"},{\"@type\":\"ListItem\",\"position\":2,\"name\":\"Cursos de navegaci\u00f3n C\u00e1diz\",\"item\":\"https:\\\/\\\/escuelataboga.com\\\/cursos-navegacion\\\/\"},{\"@type\":\"ListItem\",\"position\":3,\"name\":\"Licencia de navegaci\u00f3n (Titul\u00edn)\"}]},{\"@type\":\"WebSite\",\"@id\":\"https:\\\/\\\/escuelataboga.com\\\/#website\",\"url\":\"https:\\\/\\\/escuelataboga.com\\\/\",\"name\":\"Escuela Taboga\",\"description\":\"Escuela de navegaci\u00f3n y na\u00fatica en C\u00e1diz\",\"publisher\":{\"@id\":\"https:\\\/\\\/escuelataboga.com\\\/#organization\"},\"alternateName\":\"Escuela na\u00fatica Taboga\",\"potentialAction\":[{\"@type\":\"SearchAction\",\"target\":{\"@type\":\"EntryPoint\",\"urlTemplate\":\"https:\\\/\\\/escuelataboga.com\\\/?s={search_term_string}\"},\"query-input\":{\"@type\":\"PropertyValueSpecification\",\"valueRequired\":true,\"valueName\":\"search_term_string\"}}],\"inLanguage\":\"en-GB\"},{\"@type\":\"Organization\",\"@id\":\"https:\\\/\\\/escuelataboga.com\\\/#organization\",\"name\":\"Escuela na\u00fatica Taboga\",\"alternateName\":\"Escuela de navegaci\u00f3n y na\u00fatica Taboga en C\u00e1diz\",\"url\":\"https:\\\/\\\/escuelataboga.com\\\/\",\"logo\":{\"@type\":\"ImageObject\",\"inLanguage\":\"en-GB\",\"@id\":\"https:\\\/\\\/escuelataboga.com\\\/#\\\/schema\\\/logo\\\/image\\\/\",\"url\":\"https:\\\/\\\/escuelataboga.com\\\/wp-content\\\/uploads\\\/2024\\\/05\\\/taboga-ico.svg\",\"contentUrl\":\"https:\\\/\\\/escuelataboga.com\\\/wp-content\\\/uploads\\\/2024\\\/05\\\/taboga-ico.svg\",\"width\":512,\"height\":512,\"caption\":\"Escuela na\u00fatica Taboga\"},\"image\":{\"@id\":\"https:\\\/\\\/escuelataboga.com\\\/#\\\/schema\\\/logo\\\/image\\\/\"},\"sameAs\":[\"https:\\\/\\\/www.facebook.com\\\/EsculaDeNavegacionTaboga\",\"https:\\\/\\\/www.instagram.com\\\/tabogaescuela\\\/\"]}]}<\/script>\n<!-- \/ Yoast SEO plugin. -->","yoast_head_json":{"title":"Navigation License in Cadiz | Official Title","description":"Get your boating license in one day. Navigation license in C\u00e1diz without an exam. 6-hour practical course with qualified instructors. Sign up now!","robots":{"index":"index","follow":"follow","max-snippet":"max-snippet:-1","max-image-preview":"max-image-preview:large","max-video-preview":"max-video-preview:-1"},"canonical":"https:\/\/escuelataboga.com\/en\/cursos-navegacion\/licencia-de-navegacion-titulin\/","og_locale":"en_GB","og_type":"article","og_title":"Licencia de Navegaci\u00f3n en C\u00e1diz | Titul\u00edn Oficial","og_description":"Consigue tu titul\u00edn en un d\u00eda. Licencia de navegaci\u00f3n en C\u00e1diz sin examen. Curso pr\u00e1ctico de 6 horas con instructores cualificados. \u00a1Ap\u00fantate!","og_url":"https:\/\/escuelataboga.com\/en\/cursos-navegacion\/licencia-de-navegacion-titulin\/","og_site_name":"Escuela Taboga","article_publisher":"https:\/\/www.facebook.com\/EsculaDeNavegacionTaboga","article_modified_time":"2026-02-13T09:09:14+00:00","og_image":[{"width":1012,"height":632,"url":"http:\/\/escuelataboga.com\/wp-content\/uploads\/2024\/06\/titulin-y-licencia-de-navegacion.webp","type":"image\/webp"}],"twitter_card":"summary_large_image","twitter_misc":{"Estimated reading time":"3 minutes"},"schema":{"@context":"https:\/\/schema.org","@graph":[{"@type":"WebPage","@id":"https:\/\/escuelataboga.com\/cursos-navegacion\/licencia-de-navegacion-titulin\/","url":"https:\/\/escuelataboga.com\/cursos-navegacion\/licencia-de-navegacion-titulin\/","name":"Navigation License in Cadiz | Official Title","isPartOf":{"@id":"https:\/\/escuelataboga.com\/#website"},"primaryImageOfPage":{"@id":"https:\/\/escuelataboga.com\/cursos-navegacion\/licencia-de-navegacion-titulin\/#primaryimage"},"image":{"@id":"https:\/\/escuelataboga.com\/cursos-navegacion\/licencia-de-navegacion-titulin\/#primaryimage"},"thumbnailUrl":"https:\/\/escuelataboga.com\/wp-content\/uploads\/2024\/06\/titulin-y-licencia-de-navegacion.webp","datePublished":"2024-06-11T08:11:03+00:00","dateModified":"2026-02-13T09:09:14+00:00","description":"Get your boating license in one day. Navigation license in C\u00e1diz without an exam. 6-hour practical course with qualified instructors. Sign up now!","breadcrumb":{"@id":"https:\/\/escuelataboga.com\/cursos-navegacion\/licencia-de-navegacion-titulin\/#breadcrumb"},"inLanguage":"en-GB","potentialAction":[{"@type":"ReadAction","target":["https:\/\/escuelataboga.com\/cursos-navegacion\/licencia-de-navegacion-titulin\/"]}]},{"@type":"ImageObject","inLanguage":"en-GB","@id":"https:\/\/escuelataboga.com\/cursos-navegacion\/licencia-de-navegacion-titulin\/#primaryimage","url":"https:\/\/escuelataboga.com\/wp-content\/uploads\/2024\/06\/titulin-y-licencia-de-navegacion.webp","contentUrl":"https:\/\/escuelataboga.com\/wp-content\/uploads\/2024\/06\/titulin-y-licencia-de-navegacion.webp","width":1012,"height":632,"caption":"Pr\u00e1ctica en velero para obtener la Licencia de Navegaci\u00f3n en la Bah\u00eda de C\u00e1diz"},{"@type":"BreadcrumbList","@id":"https:\/\/escuelataboga.com\/cursos-navegacion\/licencia-de-navegacion-titulin\/#breadcrumb","itemListElement":[{"@type":"ListItem","position":1,"name":"Portada","item":"https:\/\/escuelataboga.com\/"},{"@type":"ListItem","position":2,"name":"Cursos de navegaci\u00f3n C\u00e1diz","item":"https:\/\/escuelataboga.com\/cursos-navegacion\/"},{"@type":"ListItem","position":3,"name":"Licencia de navegaci\u00f3n (Titul\u00edn)"}]},{"@type":"WebSite","@id":"https:\/\/escuelataboga.com\/#website","url":"https:\/\/escuelataboga.com\/","name":"Taboga School","description":"School of navigation and nautical science in Cadiz","publisher":{"@id":"https:\/\/escuelataboga.com\/#organization"},"alternateName":"Escuela na\u00fatica Taboga","potentialAction":[{"@type":"SearchAction","target":{"@type":"EntryPoint","urlTemplate":"https:\/\/escuelataboga.com\/?s={search_term_string}"},"query-input":{"@type":"PropertyValueSpecification","valueRequired":true,"valueName":"search_term_string"}}],"inLanguage":"en-GB"},{"@type":"Organization","@id":"https:\/\/escuelataboga.com\/#organization","name":"Taboga Nautical School","alternateName":"Escuela de navegaci\u00f3n y na\u00fatica Taboga en C\u00e1diz","url":"https:\/\/escuelataboga.com\/","logo":{"@type":"ImageObject","inLanguage":"en-GB","@id":"https:\/\/escuelataboga.com\/#\/schema\/logo\/image\/","url":"https:\/\/escuelataboga.com\/wp-content\/uploads\/2024\/05\/taboga-ico.svg","contentUrl":"https:\/\/escuelataboga.com\/wp-content\/uploads\/2024\/05\/taboga-ico.svg","width":512,"height":512,"caption":"Escuela na\u00fatica Taboga"},"image":{"@id":"https:\/\/escuelataboga.com\/#\/schema\/logo\/image\/"},"sameAs":["https:\/\/www.facebook.com\/EsculaDeNavegacionTaboga","https:\/\/www.instagram.com\/tabogaescuela\/"]}]}},"_links":{"self":[{"href":"https:\/\/escuelataboga.com\/en\/wp-json\/wp\/v2\/pages\/457","targetHints":{"allow":["GET"]}}],"collection":[{"href":"https:\/\/escuelataboga.com\/en\/wp-json\/wp\/v2\/pages"}],"about":[{"href":"https:\/\/escuelataboga.com\/en\/wp-json\/wp\/v2\/types\/page"}],"author":[{"embeddable":true,"href":"https:\/\/escuelataboga.com\/en\/wp-json\/wp\/v2\/users\/3"}],"replies":[{"embeddable":true,"href":"https:\/\/escuelataboga.com\/en\/wp-json\/wp\/v2\/comments?post=457"}],"version-history":[{"count":4,"href":"https:\/\/escuelataboga.com\/en\/wp-json\/wp\/v2\/pages\/457\/revisions"}],"predecessor-version":[{"id":2008,"href":"https:\/\/escuelataboga.com\/en\/wp-json\/wp\/v2\/pages\/457\/revisions\/2008"}],"up":[{"embeddable":true,"href":"https:\/\/escuelataboga.com\/en\/wp-json\/wp\/v2\/pages\/235"}],"wp:featuredmedia":[{"embeddable":true,"href":"https:\/\/escuelataboga.com\/en\/wp-json\/wp\/v2\/media\/838"}],"wp:attachment":[{"href":"https:\/\/escuelataboga.com\/en\/wp-json\/wp\/v2\/media?parent=457"}],"curies":[{"name":"wp","href":"https:\/\/api.w.org\/{rel}","templated":true}]}}