{"id":461,"date":"2024-05-31T12:07:24","date_gmt":"2024-05-31T12:07:24","guid":{"rendered":"http:\/\/escuelataboga.com\/?page_id=461"},"modified":"2026-02-13T09:13:37","modified_gmt":"2026-02-13T09:13:37","slug":"patron-de-yate","status":"publish","type":"page","link":"https:\/\/escuelataboga.com\/en\/cursos-navegacion\/patron-de-yate\/","title":{"rendered":"Yacht Skipper (PY)"},"content":{"rendered":"\t\t<div data-elementor-type=\"wp-page\" data-elementor-id=\"461\" class=\"elementor elementor-461\" data-elementor-post-type=\"page\">\n\t\t\t\t<div class=\"elementor-element elementor-element-2d5e317 e-flex e-con-boxed e-con e-parent\" data-id=\"2d5e317\" data-element_type=\"container\" data-e-type=\"container\">\n\t\t\t\t\t<div class=\"e-con-inner\">\n\t\t<div class=\"elementor-element elementor-element-f92b31c e-con-full e-flex e-con e-child\" data-id=\"f92b31c\" data-element_type=\"container\" data-e-type=\"container\" data-settings=\"{&quot;sticky&quot;:&quot;top&quot;,&quot;sticky_on&quot;:[&quot;widescreen&quot;,&quot;desktop&quot;,&quot;tablet&quot;],&quot;sticky_offset&quot;:200,&quot;sticky_parent&quot;:&quot;yes&quot;,&quot;sticky_effects_offset&quot;:0,&quot;sticky_anchor_link_offset&quot;:0}\">\n\t\t\t\t<div class=\"elementor-element elementor-element-caeeb63 elementor-widget-divider--view-line elementor-widget elementor-widget-divider\" data-id=\"caeeb63\" data-element_type=\"widget\" data-e-type=\"widget\" data-widget_type=\"divider.default\">\n\t\t\t\t<div class=\"elementor-widget-container\">\n\t\t\t\t\t\t\t<div class=\"elementor-divider\">\n\t\t\t<span class=\"elementor-divider-separator\">\n\t\t\t\t\t\t<\/span>\n\t\t<\/div>\n\t\t\t\t\t\t<\/div>\n\t\t\t\t<\/div>\n\t\t\t\t<div class=\"elementor-element elementor-element-8b99c31 elementor-widget elementor-widget-text-editor\" data-id=\"8b99c31\" data-element_type=\"widget\" data-e-type=\"widget\" data-widget_type=\"text-editor.default\">\n\t\t\t\t<div class=\"elementor-widget-container\">\n\t\t\t\t\t\t\t\t\t<p><b>Duraci\u00f3n:<br \/><\/b>48h de pr\u00e1cticas<\/p><p><strong>Horario:<br \/><\/strong>A determinar<\/p>\t\t\t\t\t\t\t\t<\/div>\n\t\t\t\t<\/div>\n\t\t\t\t<div class=\"elementor-element elementor-element-ac833ba elementor-align-justify elementor-widget__width-initial elementor-widget elementor-widget-button\" data-id=\"ac833ba\" data-element_type=\"widget\" data-e-type=\"widget\" data-widget_type=\"button.default\">\n\t\t\t\t<div class=\"elementor-widget-container\">\n\t\t\t\t\t\t\t\t\t<div class=\"elementor-button-wrapper\">\n\t\t\t\t\t<a class=\"elementor-button elementor-button-link elementor-size-sm\" href=\"https:\/\/escuelataboga.com\/en\/contacto\/\">\n\t\t\t\t\t\t<span class=\"elementor-button-content-wrapper\">\n\t\t\t\t\t\t\t\t\t<span class=\"elementor-button-text\">Contacta<\/span>\n\t\t\t\t\t<\/span>\n\t\t\t\t\t<\/a>\n\t\t\t\t<\/div>\n\t\t\t\t\t\t\t\t<\/div>\n\t\t\t\t<\/div>\n\t\t\t\t<\/div>\n\t\t<div class=\"elementor-element elementor-element-95d54f1 e-con-full e-flex e-con e-child\" data-id=\"95d54f1\" data-element_type=\"container\" data-e-type=\"container\">\n\t\t\t\t<div class=\"elementor-element elementor-element-dd0f87c elementor-widget elementor-widget-heading\" data-id=\"dd0f87c\" data-element_type=\"widget\" data-e-type=\"widget\" data-widget_type=\"heading.default\">\n\t\t\t\t<div class=\"elementor-widget-container\">\n\t\t\t\t\t<h1 class=\"elementor-heading-title elementor-size-default\">Patr\u00f3n de Yate (PY)<\/h1>\t\t\t\t<\/div>\n\t\t\t\t<\/div>\n\t\t\t\t<div class=\"elementor-element elementor-element-64f4ba5 elementor-widget elementor-widget-image\" data-id=\"64f4ba5\" data-element_type=\"widget\" data-e-type=\"widget\" data-widget_type=\"image.default\">\n\t\t\t\t<div class=\"elementor-widget-container\">\n\t\t\t\t\t\t\t\t\t\t\t\t\t\t\t<img fetchpriority=\"high\" decoding=\"async\" width=\"800\" height=\"500\" src=\"https:\/\/escuelataboga.com\/wp-content\/uploads\/2024\/06\/patron-de-yate.webp\" class=\"attachment-large size-large wp-image-579\" alt=\"Grupo de alumnos navegando en el velero Taboga durante el curso de Patr\u00f3n de Yate\" srcset=\"https:\/\/escuelataboga.com\/wp-content\/uploads\/2024\/06\/patron-de-yate.webp 1012w, https:\/\/escuelataboga.com\/wp-content\/uploads\/2024\/06\/patron-de-yate-300x187.webp 300w, https:\/\/escuelataboga.com\/wp-content\/uploads\/2024\/06\/patron-de-yate-768x480.webp 768w\" sizes=\"(max-width: 800px) 100vw, 800px\" \/>\t\t\t\t\t\t\t\t\t\t\t\t\t\t\t<\/div>\n\t\t\t\t<\/div>\n\t\t\t\t<div class=\"elementor-element elementor-element-7afc98b elementor-widget elementor-widget-text-editor\" data-id=\"7afc98b\" data-element_type=\"widget\" data-e-type=\"widget\" data-widget_type=\"text-editor.default\">\n\t\t\t\t<div class=\"elementor-widget-container\">\n\t\t\t\t\t\t\t\t\tEl t\u00edtulo de Patr\u00f3n de Yate es una certificaci\u00f3n que te permite gobernar embarcaciones de recreo de hasta 24 metros de eslora y navegar hasta una distancia m\u00e1xima de 150 millas n\u00e1uticas de la costa. Este curso es ideal para aquellos que ya poseen el t\u00edtulo de Patr\u00f3n de Embarcaciones de Recreo (PER) y desean aumentar sus atribuciones.\t\t\t\t\t\t\t\t<\/div>\n\t\t\t\t<\/div>\n\t\t\t\t<div class=\"elementor-element elementor-element-34cc901 elementor-widget elementor-widget-heading\" data-id=\"34cc901\" data-element_type=\"widget\" data-e-type=\"widget\" data-widget_type=\"heading.default\">\n\t\t\t\t<div class=\"elementor-widget-container\">\n\t\t\t\t\t<h2 class=\"elementor-heading-title elementor-size-default\">Requisitos para obtener el t\u00edtulo\u200b<\/h2>\t\t\t\t<\/div>\n\t\t\t\t<\/div>\n\t\t\t\t<div class=\"elementor-element elementor-element-8c25398 elementor-widget elementor-widget-text-editor\" data-id=\"8c25398\" data-element_type=\"widget\" data-e-type=\"widget\" data-widget_type=\"text-editor.default\">\n\t\t\t\t<div class=\"elementor-widget-container\">\n\t\t\t\t\t\t\t\t\t<p>Para obtener el t\u00edtulo de Patr\u00f3n de Yate, es necesario cumplir con los siguientes requisitos:<\/p><ol><li><strong>Edad m\u00ednima:<\/strong> Debes ser mayor de 18 a\u00f1os.<\/li><li><strong>Tener el t\u00edtulo de PER<\/strong>: Es imprescindible haber obtenido previamente el t\u00edtulo de Patr\u00f3n de Embarcaciones de Recreo.<\/li><li><strong>Aprobar el examen te\u00f3rico:<\/strong> Este examen abarca conocimientos de navegaci\u00f3n, seguridad, meteorolog\u00eda, comunicaciones y legislaci\u00f3n mar\u00edtima.<\/li><li><strong>Realizar las pr\u00e1cticas de navegaci\u00f3n:<\/strong> Debes completar un m\u00ednimo de 48 horas de pr\u00e1cticas de navegaci\u00f3n, distribuidas en al menos dos traves\u00edas, que incluyen navegaci\u00f3n diurna y nocturna.<\/li><li><strong>Revisi\u00f3n m\u00e9dica:<\/strong> Presentar un certificado m\u00e9dico que acredite que est\u00e1s en condiciones f\u00edsicas y ps\u00edquicas adecuadas para el gobierno de una embarcaci\u00f3n de recreo.<\/li><\/ol>\t\t\t\t\t\t\t\t<\/div>\n\t\t\t\t<\/div>\n\t\t\t\t<div class=\"elementor-element elementor-element-413399f elementor-widget elementor-widget-heading\" data-id=\"413399f\" data-element_type=\"widget\" data-e-type=\"widget\" data-widget_type=\"heading.default\">\n\t\t\t\t<div class=\"elementor-widget-container\">\n\t\t\t\t\t<h2 class=\"elementor-heading-title elementor-size-default\">Modalidad del curos<\/h2>\t\t\t\t<\/div>\n\t\t\t\t<\/div>\n\t\t\t\t<div class=\"elementor-element elementor-element-b6e7b4f elementor-widget elementor-widget-text-editor\" data-id=\"b6e7b4f\" data-element_type=\"widget\" data-e-type=\"widget\" data-widget_type=\"text-editor.default\">\n\t\t\t\t<div class=\"elementor-widget-container\">\n\t\t\t\t\t\t\t\t\t<p>Taboga ofrece diversas modalidades de formaci\u00f3n para adaptarse a tus necesidades:<\/p><ul><li><strong>Cursos presenciales y online<\/strong>: Puedes optar por asistir a clases en persona o estudiar a tu propio ritmo desde casa.<\/li><li><strong>Pr\u00e1cticas obligatorias<\/strong>: Incluyen pr\u00e1cticas de motor, vela y radio.<\/li><li><strong>Material de estudio y ex\u00e1menes<\/strong>: Tendr\u00e1s acceso a un aula virtual, material did\u00e1ctico, test y ex\u00e1menes para prepararte adecuadamente.<\/li><\/ul>\t\t\t\t\t\t\t\t<\/div>\n\t\t\t\t<\/div>\n\t\t\t\t<div class=\"elementor-element elementor-element-dd4005b elementor-widget elementor-widget-heading\" data-id=\"dd4005b\" data-element_type=\"widget\" data-e-type=\"widget\" data-widget_type=\"heading.default\">\n\t\t\t\t<div class=\"elementor-widget-container\">\n\t\t\t\t\t<h2 class=\"elementor-heading-title elementor-size-default\">Atribuciones  del t\u00edtulo<\/h2>\t\t\t\t<\/div>\n\t\t\t\t<\/div>\n\t\t\t\t<div class=\"elementor-element elementor-element-128abcf elementor-widget elementor-widget-text-editor\" data-id=\"128abcf\" data-element_type=\"widget\" data-e-type=\"widget\" data-widget_type=\"text-editor.default\">\n\t\t\t\t<div class=\"elementor-widget-container\">\n\t\t\t\t\t\t\t\t\t<p>Una vez obtenido el t\u00edtulo de Patr\u00f3n de Yate, podr\u00e1s:<\/p><ol><li>Gobernar embarcaciones de hasta 24 metros de eslora.<\/li><li>Navegar hasta 150 millas n\u00e1uticas de la costa.<\/li><li>Realizar navegaci\u00f3n diurna y nocturna.<br \/>Gobernar motos de agua dentro de los l\u00edmites espec\u00edficos de navegaci\u00f3n aplicables a ellas.<\/li><li>Adem\u00e1s, el t\u00edtulo de Patr\u00f3n de Yate permite realizar ciertas actividades profesionales, como el transporte de suministros, maniobras en puertos y playas, pruebas de mar y el gobierno de embarcaciones de socorrismo.<\/li><\/ol>\t\t\t\t\t\t\t\t<\/div>\n\t\t\t\t<\/div>\n\t\t\t\t<div class=\"elementor-element elementor-element-5aba98b elementor-widget elementor-widget-heading\" data-id=\"5aba98b\" data-element_type=\"widget\" data-e-type=\"widget\" data-widget_type=\"heading.default\">\n\t\t\t\t<div class=\"elementor-widget-container\">\n\t\t\t\t\t<h2 class=\"elementor-heading-title elementor-size-default\">Inscripci\u00f3n y asesoramiento<\/h2>\t\t\t\t<\/div>\n\t\t\t\t<\/div>\n\t\t\t\t<div class=\"elementor-element elementor-element-d1c58a3 elementor-widget elementor-widget-text-editor\" data-id=\"d1c58a3\" data-element_type=\"widget\" data-e-type=\"widget\" data-widget_type=\"text-editor.default\">\n\t\t\t\t<div class=\"elementor-widget-container\">\n\t\t\t\t\t\t\t\t\t<p>En Taboga, te ayudamos a elegir el curso que mejor se adapte a tus necesidades y te ofrecemos asesoramiento personalizado para asegurarte de que cumplas con todos los requisitos necesarios para obtener tu t\u00edtulo de Patr\u00f3n de Yate. Emb\u00e1rcate en esta nueva aventura n\u00e1utica con la confianza y seguridad que te brinda una formaci\u00f3n de calidad.<\/p><p>\u00a0<\/p>\t\t\t\t\t\t\t\t<\/div>\n\t\t\t\t<\/div>\n\t\t\t\t<div class=\"elementor-element elementor-element-504896e elementor-widget elementor-widget-heading\" data-id=\"504896e\" data-element_type=\"widget\" data-e-type=\"widget\" data-widget_type=\"heading.default\">\n\t\t\t\t<div class=\"elementor-widget-container\">\n\t\t\t\t\t<h2 class=\"elementor-heading-title elementor-size-default\">Informaci\u00f3n extra<\/h2>\t\t\t\t<\/div>\n\t\t\t\t<\/div>\n\t\t\t\t<div class=\"elementor-element elementor-element-1704689 elementor-widget elementor-widget-text-editor\" data-id=\"1704689\" data-element_type=\"widget\" data-e-type=\"widget\" data-widget_type=\"text-editor.default\">\n\t\t\t\t<div class=\"elementor-widget-container\">\n\t\t\t\t\t\t\t\t\t<p><strong>Ex\u00e1men<\/strong>: <br \/>Pr\u00f3ximo examen te\u00f3rico en Andaluc\u00eda: s\u00e1bado 21 de marzo de 2026<br \/>\u2022 Plazo de inscripci\u00f3n a examen: hasta 13 de Febrero de 2026<\/p><p><strong>Incluye<\/strong>:\u00a0<br \/>El curso incluye:<br \/>&#8211; Apuntes Patr\u00f3n de Yate<br \/>&#8211; \u00daltimos Test de examen PY. en Andaluc\u00eda,<br \/>&#8211; Clases presenciales: 3 horas semanales(Por determinar horarios)<\/p>\t\t\t\t\t\t\t\t<\/div>\n\t\t\t\t<\/div>\n\t\t\t\t<div class=\"elementor-element elementor-element-d722699 elementor-widget elementor-widget-heading\" data-id=\"d722699\" data-element_type=\"widget\" data-e-type=\"widget\" data-widget_type=\"heading.default\">\n\t\t\t\t<div class=\"elementor-widget-container\">\n\t\t\t\t\t<h2 class=\"elementor-heading-title elementor-size-default\">Precios<\/h2>\t\t\t\t<\/div>\n\t\t\t\t<\/div>\n\t\t\t\t<div class=\"elementor-element elementor-element-41d80e3 elementor-widget elementor-widget-text-editor\" data-id=\"41d80e3\" data-element_type=\"widget\" data-e-type=\"widget\" data-widget_type=\"text-editor.default\">\n\t\t\t\t<div class=\"elementor-widget-container\">\n\t\t\t\t\t\t\t\t\t<p><strong>Te\u00f3rico<\/strong>: 350\u20ac<\/p><p>\u00bfQu\u00e9 NO incluye?<br \/>-Tramitaci\u00f3n y Tasas de examen: 90 \u20ac<br \/><span style=\"color: var( --e-global-color-text ); font-family: var( --e-global-typography-text-font-family ), Sans-serif; font-size: var( --e-global-typography-text-font-size ); font-weight: var( --e-global-typography-text-font-weight ); text-align: var(--text-align);\">&#8211; Para presentarse al examen de Patr\u00f3n de yate es indispensable tener el t\u00edtulo Patr\u00f3n de embarcaciones de recreo\u00a0en vigor o bien el resguardo de Expedici\u00f3n.<br \/><\/span><span style=\"color: var( --e-global-color-text ); font-family: var( --e-global-typography-text-font-family ), Sans-serif; font-size: var( --e-global-typography-text-font-size ); font-weight: var( --e-global-typography-text-font-weight ); text-align: var(--text-align);\">&#8211; Para obtener la titulaci\u00f3n Patr\u00f3n de yate, aparte de aprobar el examen te\u00f3rico necesitas realizar las pr\u00e1cticas<\/span><\/p><p><span style=\"color: var( --e-global-color-text ); font-family: var( --e-global-typography-text-font-family ), Sans-serif; font-size: var( --e-global-typography-text-font-size ); font-weight: var( --e-global-typography-text-font-weight ); text-align: var(--text-align);\"><br \/><strong>Pr\u00e1cticas obligatorias:\u00a0<\/strong><\/span><\/p><p><span style=\"color: var( --e-global-color-text ); font-family: var( --e-global-typography-text-font-family ), Sans-serif; font-size: var( --e-global-typography-text-font-size ); font-weight: var( --e-global-typography-text-font-weight ); text-align: var(--text-align);\"><span style=\"text-decoration: underline;\">Pr\u00e1cticas de seguridad y navegaci\u00f3n:<\/span> 360\u20ac\u00a0<br \/>Se trata de realizar unas pr\u00e1cticas en\u00a0<\/span><span style=\"color: var( --e-global-color-text ); font-family: var( --e-global-typography-text-font-family ), Sans-serif; font-size: var( --e-global-typography-text-font-size ); font-weight: var( --e-global-typography-text-font-weight ); text-align: var(--text-align);\">r\u00e9gimen de traves\u00eda de 48 horas de duraci\u00f3n.<br \/><\/span><\/p><p><span style=\"text-decoration: underline;\">Pr\u00e1cticas opcionales:<\/span> 180\u20ac<br \/>Pr\u00e1cticas de habilitaci\u00f3n a Vela: Se trata de realizar unas pr\u00e1cticas espec\u00edficas de navegaci\u00f3n a vela durante dos d\u00edas. En total 16h de pr\u00e1cticas.\u00a0<br \/>*Estas pr\u00e1cticas no son necesarias si ya posee el PER habilitado a Vela.<\/p>\t\t\t\t\t\t\t\t<\/div>\n\t\t\t\t<\/div>\n\t\t\t\t<\/div>\n\t\t\t\t\t<\/div>\n\t\t\t\t<\/div>\n\t\t\t\t<\/div>\n\t\t","protected":false},"excerpt":{"rendered":"<p>Duraci\u00f3n:48h de pr\u00e1cticas Horario:A determinar Contacta El t\u00edtulo de Patr\u00f3n de Yate es una certificaci\u00f3n que te permite gobernar embarcaciones de recreo de hasta 24 metros de eslora y navegar hasta una distancia m\u00e1xima de 150 millas n\u00e1uticas de la costa. Este curso es ideal para aquellos que ya poseen el t\u00edtulo de Patr\u00f3n de [&hellip;]<\/p>\n","protected":false},"author":3,"featured_media":579,"parent":235,"menu_order":0,"comment_status":"closed","ping_status":"closed","template":"","meta":{"footnotes":""},"class_list":["post-461","page","type-page","status-publish","has-post-thumbnail","hentry"],"yoast_head":"<!-- This site is optimized with the Yoast SEO plugin v27.4 - https:\/\/yoast.com\/product\/yoast-seo-wordpress\/ -->\n<title>Curso Patr\u00f3n de Yate en C\u00e1diz | Escuela N\u00e1utica Taboga<\/title>\n<meta name=\"description\" content=\"Ampl\u00eda tu titulaci\u00f3n n\u00e1utica con el curso de Patr\u00f3n de Yate en C\u00e1diz. Formaci\u00f3n oficial, pr\u00e1cticas en velero y simulador. \u00a1Reserva tu plaza!\" \/>\n<meta name=\"robots\" content=\"index, follow, max-snippet:-1, max-image-preview:large, max-video-preview:-1\" \/>\n<link rel=\"canonical\" href=\"https:\/\/escuelataboga.com\/en\/cursos-navegacion\/patron-de-yate\/\" \/>\n<meta property=\"og:locale\" content=\"en_GB\" \/>\n<meta property=\"og:type\" content=\"article\" \/>\n<meta property=\"og:title\" content=\"Curso Patr\u00f3n de Yate en C\u00e1diz | Escuela N\u00e1utica Taboga\" \/>\n<meta property=\"og:description\" content=\"Ampl\u00eda tu titulaci\u00f3n n\u00e1utica con el curso de Patr\u00f3n de Yate en C\u00e1diz. Formaci\u00f3n oficial, pr\u00e1cticas en velero y simulador. \u00a1Reserva tu plaza!\" \/>\n<meta property=\"og:url\" content=\"https:\/\/escuelataboga.com\/en\/cursos-navegacion\/patron-de-yate\/\" \/>\n<meta property=\"og:site_name\" content=\"Escuela Taboga\" \/>\n<meta property=\"article:publisher\" content=\"https:\/\/www.facebook.com\/EsculaDeNavegacionTaboga\" \/>\n<meta property=\"article:modified_time\" content=\"2026-02-13T09:13:37+00:00\" \/>\n<meta property=\"og:image\" content=\"http:\/\/escuelataboga.com\/wp-content\/uploads\/2024\/06\/patron-de-yate.webp\" \/>\n\t<meta property=\"og:image:width\" content=\"1012\" \/>\n\t<meta property=\"og:image:height\" content=\"632\" \/>\n\t<meta property=\"og:image:type\" content=\"image\/webp\" \/>\n<meta name=\"twitter:card\" content=\"summary_large_image\" \/>\n<meta name=\"twitter:label1\" content=\"Estimated reading time\" \/>\n\t<meta name=\"twitter:data1\" content=\"3 minutes\" \/>\n<script type=\"application\/ld+json\" class=\"yoast-schema-graph\">{\"@context\":\"https:\\\/\\\/schema.org\",\"@graph\":[{\"@type\":\"WebPage\",\"@id\":\"https:\\\/\\\/escuelataboga.com\\\/cursos-navegacion\\\/patron-de-yate\\\/\",\"url\":\"https:\\\/\\\/escuelataboga.com\\\/cursos-navegacion\\\/patron-de-yate\\\/\",\"name\":\"Curso Patr\u00f3n de Yate en C\u00e1diz | Escuela N\u00e1utica Taboga\",\"isPartOf\":{\"@id\":\"https:\\\/\\\/escuelataboga.com\\\/#website\"},\"primaryImageOfPage\":{\"@id\":\"https:\\\/\\\/escuelataboga.com\\\/cursos-navegacion\\\/patron-de-yate\\\/#primaryimage\"},\"image\":{\"@id\":\"https:\\\/\\\/escuelataboga.com\\\/cursos-navegacion\\\/patron-de-yate\\\/#primaryimage\"},\"thumbnailUrl\":\"https:\\\/\\\/escuelataboga.com\\\/wp-content\\\/uploads\\\/2024\\\/06\\\/patron-de-yate.webp\",\"datePublished\":\"2024-05-31T12:07:24+00:00\",\"dateModified\":\"2026-02-13T09:13:37+00:00\",\"description\":\"Ampl\u00eda tu titulaci\u00f3n n\u00e1utica con el curso de Patr\u00f3n de Yate en C\u00e1diz. Formaci\u00f3n oficial, pr\u00e1cticas en velero y simulador. \u00a1Reserva tu plaza!\",\"breadcrumb\":{\"@id\":\"https:\\\/\\\/escuelataboga.com\\\/cursos-navegacion\\\/patron-de-yate\\\/#breadcrumb\"},\"inLanguage\":\"en-GB\",\"potentialAction\":[{\"@type\":\"ReadAction\",\"target\":[\"https:\\\/\\\/escuelataboga.com\\\/cursos-navegacion\\\/patron-de-yate\\\/\"]}]},{\"@type\":\"ImageObject\",\"inLanguage\":\"en-GB\",\"@id\":\"https:\\\/\\\/escuelataboga.com\\\/cursos-navegacion\\\/patron-de-yate\\\/#primaryimage\",\"url\":\"https:\\\/\\\/escuelataboga.com\\\/wp-content\\\/uploads\\\/2024\\\/06\\\/patron-de-yate.webp\",\"contentUrl\":\"https:\\\/\\\/escuelataboga.com\\\/wp-content\\\/uploads\\\/2024\\\/06\\\/patron-de-yate.webp\",\"width\":1012,\"height\":632,\"caption\":\"Grupo de alumnos navegando en el velero Taboga durante el curso de Patr\u00f3n de Yate\"},{\"@type\":\"BreadcrumbList\",\"@id\":\"https:\\\/\\\/escuelataboga.com\\\/cursos-navegacion\\\/patron-de-yate\\\/#breadcrumb\",\"itemListElement\":[{\"@type\":\"ListItem\",\"position\":1,\"name\":\"Portada\",\"item\":\"https:\\\/\\\/escuelataboga.com\\\/\"},{\"@type\":\"ListItem\",\"position\":2,\"name\":\"Cursos de navegaci\u00f3n C\u00e1diz\",\"item\":\"https:\\\/\\\/escuelataboga.com\\\/cursos-navegacion\\\/\"},{\"@type\":\"ListItem\",\"position\":3,\"name\":\"Patr\u00f3n de Yate (PY)\"}]},{\"@type\":\"WebSite\",\"@id\":\"https:\\\/\\\/escuelataboga.com\\\/#website\",\"url\":\"https:\\\/\\\/escuelataboga.com\\\/\",\"name\":\"Escuela Taboga\",\"description\":\"Escuela de navegaci\u00f3n y na\u00fatica en C\u00e1diz\",\"publisher\":{\"@id\":\"https:\\\/\\\/escuelataboga.com\\\/#organization\"},\"alternateName\":\"Escuela na\u00fatica Taboga\",\"potentialAction\":[{\"@type\":\"SearchAction\",\"target\":{\"@type\":\"EntryPoint\",\"urlTemplate\":\"https:\\\/\\\/escuelataboga.com\\\/?s={search_term_string}\"},\"query-input\":{\"@type\":\"PropertyValueSpecification\",\"valueRequired\":true,\"valueName\":\"search_term_string\"}}],\"inLanguage\":\"en-GB\"},{\"@type\":\"Organization\",\"@id\":\"https:\\\/\\\/escuelataboga.com\\\/#organization\",\"name\":\"Escuela na\u00fatica Taboga\",\"alternateName\":\"Escuela de navegaci\u00f3n y na\u00fatica Taboga en C\u00e1diz\",\"url\":\"https:\\\/\\\/escuelataboga.com\\\/\",\"logo\":{\"@type\":\"ImageObject\",\"inLanguage\":\"en-GB\",\"@id\":\"https:\\\/\\\/escuelataboga.com\\\/#\\\/schema\\\/logo\\\/image\\\/\",\"url\":\"https:\\\/\\\/escuelataboga.com\\\/wp-content\\\/uploads\\\/2024\\\/05\\\/taboga-ico.svg\",\"contentUrl\":\"https:\\\/\\\/escuelataboga.com\\\/wp-content\\\/uploads\\\/2024\\\/05\\\/taboga-ico.svg\",\"width\":512,\"height\":512,\"caption\":\"Escuela na\u00fatica Taboga\"},\"image\":{\"@id\":\"https:\\\/\\\/escuelataboga.com\\\/#\\\/schema\\\/logo\\\/image\\\/\"},\"sameAs\":[\"https:\\\/\\\/www.facebook.com\\\/EsculaDeNavegacionTaboga\",\"https:\\\/\\\/www.instagram.com\\\/tabogaescuela\\\/\"]}]}<\/script>\n<!-- \/ Yoast SEO plugin. -->","yoast_head_json":{"title":"Yachtmaster Course in C\u00e1diz | Taboga Nautical School","description":"Enhance your nautical qualifications with the Yacht Skipper course in C\u00e1diz. Official training, practical experience on a sailboat and simulator. Reserve your place now!","robots":{"index":"index","follow":"follow","max-snippet":"max-snippet:-1","max-image-preview":"max-image-preview:large","max-video-preview":"max-video-preview:-1"},"canonical":"https:\/\/escuelataboga.com\/en\/cursos-navegacion\/patron-de-yate\/","og_locale":"en_GB","og_type":"article","og_title":"Curso Patr\u00f3n de Yate en C\u00e1diz | Escuela N\u00e1utica Taboga","og_description":"Ampl\u00eda tu titulaci\u00f3n n\u00e1utica con el curso de Patr\u00f3n de Yate en C\u00e1diz. Formaci\u00f3n oficial, pr\u00e1cticas en velero y simulador. \u00a1Reserva tu plaza!","og_url":"https:\/\/escuelataboga.com\/en\/cursos-navegacion\/patron-de-yate\/","og_site_name":"Escuela Taboga","article_publisher":"https:\/\/www.facebook.com\/EsculaDeNavegacionTaboga","article_modified_time":"2026-02-13T09:13:37+00:00","og_image":[{"width":1012,"height":632,"url":"http:\/\/escuelataboga.com\/wp-content\/uploads\/2024\/06\/patron-de-yate.webp","type":"image\/webp"}],"twitter_card":"summary_large_image","twitter_misc":{"Estimated reading time":"3 minutes"},"schema":{"@context":"https:\/\/schema.org","@graph":[{"@type":"WebPage","@id":"https:\/\/escuelataboga.com\/cursos-navegacion\/patron-de-yate\/","url":"https:\/\/escuelataboga.com\/cursos-navegacion\/patron-de-yate\/","name":"Yachtmaster Course in C\u00e1diz | Taboga Nautical School","isPartOf":{"@id":"https:\/\/escuelataboga.com\/#website"},"primaryImageOfPage":{"@id":"https:\/\/escuelataboga.com\/cursos-navegacion\/patron-de-yate\/#primaryimage"},"image":{"@id":"https:\/\/escuelataboga.com\/cursos-navegacion\/patron-de-yate\/#primaryimage"},"thumbnailUrl":"https:\/\/escuelataboga.com\/wp-content\/uploads\/2024\/06\/patron-de-yate.webp","datePublished":"2024-05-31T12:07:24+00:00","dateModified":"2026-02-13T09:13:37+00:00","description":"Enhance your nautical qualifications with the Yacht Skipper course in C\u00e1diz. Official training, practical experience on a sailboat and simulator. Reserve your place now!","breadcrumb":{"@id":"https:\/\/escuelataboga.com\/cursos-navegacion\/patron-de-yate\/#breadcrumb"},"inLanguage":"en-GB","potentialAction":[{"@type":"ReadAction","target":["https:\/\/escuelataboga.com\/cursos-navegacion\/patron-de-yate\/"]}]},{"@type":"ImageObject","inLanguage":"en-GB","@id":"https:\/\/escuelataboga.com\/cursos-navegacion\/patron-de-yate\/#primaryimage","url":"https:\/\/escuelataboga.com\/wp-content\/uploads\/2024\/06\/patron-de-yate.webp","contentUrl":"https:\/\/escuelataboga.com\/wp-content\/uploads\/2024\/06\/patron-de-yate.webp","width":1012,"height":632,"caption":"Grupo de alumnos navegando en el velero Taboga durante el curso de Patr\u00f3n de Yate"},{"@type":"BreadcrumbList","@id":"https:\/\/escuelataboga.com\/cursos-navegacion\/patron-de-yate\/#breadcrumb","itemListElement":[{"@type":"ListItem","position":1,"name":"Portada","item":"https:\/\/escuelataboga.com\/"},{"@type":"ListItem","position":2,"name":"Cursos de navegaci\u00f3n C\u00e1diz","item":"https:\/\/escuelataboga.com\/cursos-navegacion\/"},{"@type":"ListItem","position":3,"name":"Patr\u00f3n de Yate (PY)"}]},{"@type":"WebSite","@id":"https:\/\/escuelataboga.com\/#website","url":"https:\/\/escuelataboga.com\/","name":"Taboga School","description":"School of navigation and nautical science in Cadiz","publisher":{"@id":"https:\/\/escuelataboga.com\/#organization"},"alternateName":"Escuela na\u00fatica Taboga","potentialAction":[{"@type":"SearchAction","target":{"@type":"EntryPoint","urlTemplate":"https:\/\/escuelataboga.com\/?s={search_term_string}"},"query-input":{"@type":"PropertyValueSpecification","valueRequired":true,"valueName":"search_term_string"}}],"inLanguage":"en-GB"},{"@type":"Organization","@id":"https:\/\/escuelataboga.com\/#organization","name":"Taboga Nautical School","alternateName":"Escuela de navegaci\u00f3n y na\u00fatica Taboga en C\u00e1diz","url":"https:\/\/escuelataboga.com\/","logo":{"@type":"ImageObject","inLanguage":"en-GB","@id":"https:\/\/escuelataboga.com\/#\/schema\/logo\/image\/","url":"https:\/\/escuelataboga.com\/wp-content\/uploads\/2024\/05\/taboga-ico.svg","contentUrl":"https:\/\/escuelataboga.com\/wp-content\/uploads\/2024\/05\/taboga-ico.svg","width":512,"height":512,"caption":"Escuela na\u00fatica Taboga"},"image":{"@id":"https:\/\/escuelataboga.com\/#\/schema\/logo\/image\/"},"sameAs":["https:\/\/www.facebook.com\/EsculaDeNavegacionTaboga","https:\/\/www.instagram.com\/tabogaescuela\/"]}]}},"_links":{"self":[{"href":"https:\/\/escuelataboga.com\/en\/wp-json\/wp\/v2\/pages\/461","targetHints":{"allow":["GET"]}}],"collection":[{"href":"https:\/\/escuelataboga.com\/en\/wp-json\/wp\/v2\/pages"}],"about":[{"href":"https:\/\/escuelataboga.com\/en\/wp-json\/wp\/v2\/types\/page"}],"author":[{"embeddable":true,"href":"https:\/\/escuelataboga.com\/en\/wp-json\/wp\/v2\/users\/3"}],"replies":[{"embeddable":true,"href":"https:\/\/escuelataboga.com\/en\/wp-json\/wp\/v2\/comments?post=461"}],"version-history":[{"count":7,"href":"https:\/\/escuelataboga.com\/en\/wp-json\/wp\/v2\/pages\/461\/revisions"}],"predecessor-version":[{"id":2142,"href":"https:\/\/escuelataboga.com\/en\/wp-json\/wp\/v2\/pages\/461\/revisions\/2142"}],"up":[{"embeddable":true,"href":"https:\/\/escuelataboga.com\/en\/wp-json\/wp\/v2\/pages\/235"}],"wp:featuredmedia":[{"embeddable":true,"href":"https:\/\/escuelataboga.com\/en\/wp-json\/wp\/v2\/media\/579"}],"wp:attachment":[{"href":"https:\/\/escuelataboga.com\/en\/wp-json\/wp\/v2\/media?parent=461"}],"curies":[{"name":"wp","href":"https:\/\/api.w.org\/{rel}","templated":true}]}}