{"id":57,"date":"2024-05-28T08:09:18","date_gmt":"2024-05-28T08:09:18","guid":{"rendered":"http:\/\/escuelataboga.com\/?page_id=57"},"modified":"2025-10-16T08:42:58","modified_gmt":"2025-10-16T08:42:58","slug":"accesibilidad","status":"publish","type":"page","link":"https:\/\/escuelataboga.com\/en\/accesibilidad\/","title":{"rendered":"Accessibility"},"content":{"rendered":"<div data-elementor-type=\"wp-page\" data-elementor-id=\"57\" class=\"elementor elementor-57\" data-elementor-post-type=\"page\">\n\t\t\t\t<div class=\"elementor-element elementor-element-bf5395a e-flex e-con-boxed e-con e-parent\" data-id=\"bf5395a\" data-element_type=\"container\" data-e-type=\"container\">\n\t\t\t\t\t<div class=\"e-con-inner\">\n\t\t\t\t<div class=\"elementor-element elementor-element-2597883 elementor-widget elementor-widget-heading\" data-id=\"2597883\" data-element_type=\"widget\" data-e-type=\"widget\" data-widget_type=\"heading.default\">\n\t\t\t\t<div class=\"elementor-widget-container\">\n\t\t\t\t\t<h2 class=\"elementor-heading-title elementor-size-default\">Accessibility<\/h2>\t\t\t\t<\/div>\n\t\t\t\t<\/div>\n\t\t\t\t<div class=\"elementor-element elementor-element-cb20ec5 elementor-widget elementor-widget-text-editor\" data-id=\"cb20ec5\" data-element_type=\"widget\" data-e-type=\"widget\" data-widget_type=\"text-editor.default\">\n\t\t\t\t<div class=\"elementor-widget-container\">\n\t\t\t\t\t\t\t\t\t<p>ACCESSIBILITY COMMITMENT<\/p>\t\t\t\t\t\t\t\t<\/div>\n\t\t\t\t<\/div>\n\t\t\t\t<div class=\"elementor-element elementor-element-7eb5df6 elementor-widget elementor-widget-text-editor\" data-id=\"7eb5df6\" data-element_type=\"widget\" data-e-type=\"widget\" data-widget_type=\"text-editor.default\">\n\t\t\t\t<div class=\"elementor-widget-container\">\n\t\t\t\t\t\t\t\t\t<p>Proyectos Navales del Sur SL has committed to making its website accessible, in accordance with Royal Decree 1112\/2018, of September 7, on accessibility of websites and applications for mobile devices.<br \/>This accessibility statement applies to the website https:\/\/www.escuelataboga.com<br \/>This website is fully compliant with RD 1112\/2018.<br \/>Since it meets the following requirements:<\/p><ul><li>The website is accessible to its users and, in particular, to older people and people with disabilities, so that the contents are perceptible, operable, understandable and robust taking into account the rules of article 6.<\/li><li>Accessibility has been taken into account comprehensively in the process of design, management, maintenance and updating of website content.<\/li><li>The website has adopted measures to increase accessibility with respect to the minimum level of accessibility that must be met at all times.<\/li><\/ul>\t\t\t\t\t\t\t\t<\/div>\n\t\t\t\t<\/div>\n\t\t\t\t<div class=\"elementor-element elementor-element-8a80046 elementor-widget elementor-widget-text-editor\" data-id=\"8a80046\" data-element_type=\"widget\" data-e-type=\"widget\" data-widget_type=\"text-editor.default\">\n\t\t\t\t<div class=\"elementor-widget-container\">\n\t\t\t\t\t\t\t\t\t<p>LACK OF COMPLIANCE WITH RD 1112\/2018<\/p>\t\t\t\t\t\t\t\t<\/div>\n\t\t\t\t<\/div>\n\t\t\t\t<div class=\"elementor-element elementor-element-7f0cc48 elementor-widget elementor-widget-text-editor\" data-id=\"7f0cc48\" data-element_type=\"widget\" data-e-type=\"widget\" data-widget_type=\"text-editor.default\">\n\t\t\t\t<div class=\"elementor-widget-container\">\n\t\t\t\t\t\t\t\t\t<p>ESCUELA TABOGA is in accordance with RD 1112\/2018.<\/p>\t\t\t\t\t\t\t\t<\/div>\n\t\t\t\t<\/div>\n\t\t\t\t<div class=\"elementor-element elementor-element-07f1edd elementor-widget elementor-widget-text-editor\" data-id=\"07f1edd\" data-element_type=\"widget\" data-e-type=\"widget\" data-widget_type=\"text-editor.default\">\n\t\t\t\t<div class=\"elementor-widget-container\">\n\t\t\t\t\t\t\t\t\t<p>DISPROPORTIONATE LOAD<\/p>\t\t\t\t\t\t\t\t<\/div>\n\t\t\t\t<\/div>\n\t\t\t\t<div class=\"elementor-element elementor-element-fcc2a72 elementor-widget elementor-widget-text-editor\" data-id=\"fcc2a72\" data-element_type=\"widget\" data-e-type=\"widget\" data-widget_type=\"text-editor.default\">\n\t\t\t\t<div class=\"elementor-widget-container\">\n\t\t\t\t\t\t\t\t\t<p>It is not considered that there is a disproportionate burden.<br \/>In order to evaluate to what extent compliance with the accessibility requirements provided for in this royal decree imposes a disproportionate burden, we have taken into account the following circumstances:<\/p><p style=\"padding-left: 40px;\">a) The size, resources and nature of the specific obligated subject.<br \/>b) The estimated costs and benefits for the same, in relation to the estimated benefits for people with disabilities and the elderly, taking into account the frequency and duration of use of the website or application for mobile devices in particular.<\/p>\t\t\t\t\t\t\t\t<\/div>\n\t\t\t\t<\/div>\n\t\t\t\t<div class=\"elementor-element elementor-element-edd155c elementor-widget elementor-widget-text-editor\" data-id=\"edd155c\" data-element_type=\"widget\" data-e-type=\"widget\" data-widget_type=\"text-editor.default\">\n\t\t\t\t<div class=\"elementor-widget-container\">\n\t\t\t\t\t\t\t\t\t<p>THE CONTENT DOES NOT FALL WITHIN THE SCOPE OF THE APPLICABLE LAW<\/p>\t\t\t\t\t\t\t\t<\/div>\n\t\t\t\t<\/div>\n\t\t\t\t<div class=\"elementor-element elementor-element-afd0588 elementor-widget elementor-widget-text-editor\" data-id=\"afd0588\" data-element_type=\"widget\" data-e-type=\"widget\" data-widget_type=\"text-editor.default\">\n\t\t\t\t<div class=\"elementor-widget-container\">\n\t\t\t\t\t\t\t\t\t<p>n\/a<\/p>\t\t\t\t\t\t\t\t<\/div>\n\t\t\t\t<\/div>\n\t\t\t\t<div class=\"elementor-element elementor-element-cc713e5 elementor-widget elementor-widget-text-editor\" data-id=\"cc713e5\" data-element_type=\"widget\" data-e-type=\"widget\" data-widget_type=\"text-editor.default\">\n\t\t\t\t<div class=\"elementor-widget-container\">\n\t\t\t\t\t\t\t\t\t<p>PREPARATION FOR THE NEXT ACCESSIBILITY STATEMENT<\/p>\t\t\t\t\t\t\t\t<\/div>\n\t\t\t\t<\/div>\n\t\t\t\t<div class=\"elementor-element elementor-element-02da4f6 elementor-widget elementor-widget-text-editor\" data-id=\"02da4f6\" data-element_type=\"widget\" data-e-type=\"widget\" data-widget_type=\"text-editor.default\">\n\t\t\t\t<div class=\"elementor-widget-container\">\n\t\t\t\t\t\t\t\t\t<p>This statement was prepared on January 24, 2024.<br \/>The method used to prepare the declaration has been a self-assessment carried out by the body itself.<\/p>\t\t\t\t\t\t\t\t<\/div>\n\t\t\t\t<\/div>\n\t\t\t\t<div class=\"elementor-element elementor-element-a31ac55 elementor-widget elementor-widget-text-editor\" data-id=\"a31ac55\" data-element_type=\"widget\" data-e-type=\"widget\" data-widget_type=\"text-editor.default\">\n\t\t\t\t<div class=\"elementor-widget-container\">\n\t\t\t\t\t\t\t\t\t<p>OBSERVATIONS AND CONTACT INFORMATION<\/p>\t\t\t\t\t\t\t\t<\/div>\n\t\t\t\t<\/div>\n\t\t\t\t<div class=\"elementor-element elementor-element-eb33f3c elementor-widget elementor-widget-text-editor\" data-id=\"eb33f3c\" data-element_type=\"widget\" data-e-type=\"widget\" data-widget_type=\"text-editor.default\">\n\t\t\t\t<div class=\"elementor-widget-container\">\n\t\t\t\t\t\t\t\t\t<ul><li>You can make communications about accessibility requirements (article 10.2.a of RD 1112\/2018) such as: Reporting any possible non-compliance on the part of this website, transmitting other difficulties in accessing the content, formulating any other query or suggestion. improvement regarding the accessibility of the website through the email tabogaescuela@gmail.com or through the telephone number<\/li><li>You can submit: Complaint regarding compliance with the requirements of RD 1112\/2018 or request for accessible information related to:<br \/>Contents that are excluded from the scope of application of RD 1112\/2018 as established by article 3, section 4.<br \/>Content that is exempt from compliance with accessibility requirements because it imposes a disproportionate burden.<\/li><\/ul><p>In the Request for accessible information, the facts, reasons and request must be clearly specified that allow us to verify that it is a reasonable and legitimate request.<\/p><p>Complaints and claims about accessible information will be made through the email tabogaescuela@gmail.com, which will be received and processed by Proyectos Navales del Sur SL<\/p>\t\t\t\t\t\t\t\t<\/div>\n\t\t\t\t<\/div>\n\t\t\t\t\t<\/div>\n\t\t\t\t<\/div>\n\t\t\t\t<\/div>","protected":false},"excerpt":{"rendered":"<p>Accesibilidad COMPROMISO DE ACCESIBILIDAD Proyectos Navales del Sur S.L se ha comprometido a hacer accesible su sitio web, de conformidad con el Real Decreto 1112\/2018, de 7 de septiembre, sobre accesibilidad de los sitios web y aplicaciones para dispositivos m\u00f3viles.La presente declaraci\u00f3n de accesibilidad se aplica al sitio web https:\/\/www.escuelataboga.comEste sitio web es plenamente conforme [&hellip;]<\/p>\n","protected":false},"author":2,"featured_media":0,"parent":0,"menu_order":0,"comment_status":"closed","ping_status":"closed","template":"","meta":{"footnotes":""},"class_list":["post-57","page","type-page","status-publish","hentry"],"yoast_head":"<!-- This site is optimized with the Yoast SEO plugin v27.4 - https:\/\/yoast.com\/product\/yoast-seo-wordpress\/ -->\n<title>Accesibilidad | Escuela Taboga<\/title>\n<meta name=\"robots\" content=\"noindex, nofollow\" \/>\n<meta property=\"og:locale\" content=\"en_GB\" \/>\n<meta property=\"og:type\" content=\"article\" \/>\n<meta property=\"og:title\" content=\"Accesibilidad | Escuela Taboga\" \/>\n<meta property=\"og:description\" content=\"Accesibilidad COMPROMISO DE ACCESIBILIDAD Proyectos Navales del Sur S.L se ha comprometido a hacer accesible su sitio web, de conformidad con el Real Decreto 1112\/2018, de 7 de septiembre, sobre accesibilidad de los sitios web y aplicaciones para dispositivos m\u00f3viles.La presente declaraci\u00f3n de accesibilidad se aplica al sitio web https:\/\/www.escuelataboga.comEste sitio web es plenamente conforme [&hellip;]\" \/>\n<meta property=\"og:url\" content=\"https:\/\/escuelataboga.com\/en\/accesibilidad\/\" \/>\n<meta property=\"og:site_name\" content=\"Escuela Taboga\" \/>\n<meta property=\"article:publisher\" content=\"https:\/\/www.facebook.com\/EsculaDeNavegacionTaboga\" \/>\n<meta property=\"article:modified_time\" content=\"2025-10-16T08:42:58+00:00\" \/>\n<meta property=\"og:image\" content=\"https:\/\/escuelataboga.com\/wp-content\/uploads\/2024\/08\/Escuela-de-navegacion-Taboga-en-Cadiz.webp\" \/>\n\t<meta property=\"og:image:width\" content=\"398\" \/>\n\t<meta property=\"og:image:height\" content=\"384\" \/>\n\t<meta property=\"og:image:type\" content=\"image\/webp\" \/>\n<meta name=\"twitter:card\" content=\"summary_large_image\" \/>\n<meta name=\"twitter:label1\" content=\"Estimated reading time\" \/>\n\t<meta name=\"twitter:data1\" content=\"3 minutes\" \/>\n<script type=\"application\/ld+json\" class=\"yoast-schema-graph\">{\"@context\":\"https:\\\/\\\/schema.org\",\"@graph\":[{\"@type\":\"WebPage\",\"@id\":\"https:\\\/\\\/escuelataboga.com\\\/accesibilidad\\\/\",\"url\":\"https:\\\/\\\/escuelataboga.com\\\/accesibilidad\\\/\",\"name\":\"Accesibilidad | Escuela Taboga\",\"isPartOf\":{\"@id\":\"https:\\\/\\\/escuelataboga.com\\\/#website\"},\"datePublished\":\"2024-05-28T08:09:18+00:00\",\"dateModified\":\"2025-10-16T08:42:58+00:00\",\"breadcrumb\":{\"@id\":\"https:\\\/\\\/escuelataboga.com\\\/accesibilidad\\\/#breadcrumb\"},\"inLanguage\":\"en-GB\",\"potentialAction\":[{\"@type\":\"ReadAction\",\"target\":[\"https:\\\/\\\/escuelataboga.com\\\/accesibilidad\\\/\"]}]},{\"@type\":\"BreadcrumbList\",\"@id\":\"https:\\\/\\\/escuelataboga.com\\\/accesibilidad\\\/#breadcrumb\",\"itemListElement\":[{\"@type\":\"ListItem\",\"position\":1,\"name\":\"Portada\",\"item\":\"https:\\\/\\\/escuelataboga.com\\\/\"},{\"@type\":\"ListItem\",\"position\":2,\"name\":\"Accesibilidad\"}]},{\"@type\":\"WebSite\",\"@id\":\"https:\\\/\\\/escuelataboga.com\\\/#website\",\"url\":\"https:\\\/\\\/escuelataboga.com\\\/\",\"name\":\"Escuela Taboga\",\"description\":\"Escuela de navegaci\u00f3n y na\u00fatica en C\u00e1diz\",\"publisher\":{\"@id\":\"https:\\\/\\\/escuelataboga.com\\\/#organization\"},\"alternateName\":\"Escuela na\u00fatica Taboga\",\"potentialAction\":[{\"@type\":\"SearchAction\",\"target\":{\"@type\":\"EntryPoint\",\"urlTemplate\":\"https:\\\/\\\/escuelataboga.com\\\/?s={search_term_string}\"},\"query-input\":{\"@type\":\"PropertyValueSpecification\",\"valueRequired\":true,\"valueName\":\"search_term_string\"}}],\"inLanguage\":\"en-GB\"},{\"@type\":\"Organization\",\"@id\":\"https:\\\/\\\/escuelataboga.com\\\/#organization\",\"name\":\"Escuela na\u00fatica Taboga\",\"alternateName\":\"Escuela de navegaci\u00f3n y na\u00fatica Taboga en C\u00e1diz\",\"url\":\"https:\\\/\\\/escuelataboga.com\\\/\",\"logo\":{\"@type\":\"ImageObject\",\"inLanguage\":\"en-GB\",\"@id\":\"https:\\\/\\\/escuelataboga.com\\\/#\\\/schema\\\/logo\\\/image\\\/\",\"url\":\"https:\\\/\\\/escuelataboga.com\\\/wp-content\\\/uploads\\\/2024\\\/05\\\/taboga-ico.svg\",\"contentUrl\":\"https:\\\/\\\/escuelataboga.com\\\/wp-content\\\/uploads\\\/2024\\\/05\\\/taboga-ico.svg\",\"width\":512,\"height\":512,\"caption\":\"Escuela na\u00fatica Taboga\"},\"image\":{\"@id\":\"https:\\\/\\\/escuelataboga.com\\\/#\\\/schema\\\/logo\\\/image\\\/\"},\"sameAs\":[\"https:\\\/\\\/www.facebook.com\\\/EsculaDeNavegacionTaboga\",\"https:\\\/\\\/www.instagram.com\\\/tabogaescuela\\\/\"]}]}<\/script>\n<!-- \/ Yoast SEO plugin. -->","yoast_head_json":{"title":"Accessibility | Taboga School","robots":{"index":"noindex","follow":"nofollow"},"og_locale":"en_GB","og_type":"article","og_title":"Accesibilidad | Escuela Taboga","og_description":"Accesibilidad COMPROMISO DE ACCESIBILIDAD Proyectos Navales del Sur S.L se ha comprometido a hacer accesible su sitio web, de conformidad con el Real Decreto 1112\/2018, de 7 de septiembre, sobre accesibilidad de los sitios web y aplicaciones para dispositivos m\u00f3viles.La presente declaraci\u00f3n de accesibilidad se aplica al sitio web https:\/\/www.escuelataboga.comEste sitio web es plenamente conforme [&hellip;]","og_url":"https:\/\/escuelataboga.com\/en\/accesibilidad\/","og_site_name":"Escuela Taboga","article_publisher":"https:\/\/www.facebook.com\/EsculaDeNavegacionTaboga","article_modified_time":"2025-10-16T08:42:58+00:00","og_image":[{"width":398,"height":384,"url":"https:\/\/escuelataboga.com\/wp-content\/uploads\/2024\/08\/Escuela-de-navegacion-Taboga-en-Cadiz.webp","type":"image\/webp"}],"twitter_card":"summary_large_image","twitter_misc":{"Estimated reading time":"3 minutes"},"schema":{"@context":"https:\/\/schema.org","@graph":[{"@type":"WebPage","@id":"https:\/\/escuelataboga.com\/accesibilidad\/","url":"https:\/\/escuelataboga.com\/accesibilidad\/","name":"Accessibility | Taboga School","isPartOf":{"@id":"https:\/\/escuelataboga.com\/#website"},"datePublished":"2024-05-28T08:09:18+00:00","dateModified":"2025-10-16T08:42:58+00:00","breadcrumb":{"@id":"https:\/\/escuelataboga.com\/accesibilidad\/#breadcrumb"},"inLanguage":"en-GB","potentialAction":[{"@type":"ReadAction","target":["https:\/\/escuelataboga.com\/accesibilidad\/"]}]},{"@type":"BreadcrumbList","@id":"https:\/\/escuelataboga.com\/accesibilidad\/#breadcrumb","itemListElement":[{"@type":"ListItem","position":1,"name":"Portada","item":"https:\/\/escuelataboga.com\/"},{"@type":"ListItem","position":2,"name":"Accesibilidad"}]},{"@type":"WebSite","@id":"https:\/\/escuelataboga.com\/#website","url":"https:\/\/escuelataboga.com\/","name":"Taboga School","description":"School of navigation and nautical science in Cadiz","publisher":{"@id":"https:\/\/escuelataboga.com\/#organization"},"alternateName":"Escuela na\u00fatica Taboga","potentialAction":[{"@type":"SearchAction","target":{"@type":"EntryPoint","urlTemplate":"https:\/\/escuelataboga.com\/?s={search_term_string}"},"query-input":{"@type":"PropertyValueSpecification","valueRequired":true,"valueName":"search_term_string"}}],"inLanguage":"en-GB"},{"@type":"Organization","@id":"https:\/\/escuelataboga.com\/#organization","name":"Taboga Nautical School","alternateName":"Escuela de navegaci\u00f3n y na\u00fatica Taboga en C\u00e1diz","url":"https:\/\/escuelataboga.com\/","logo":{"@type":"ImageObject","inLanguage":"en-GB","@id":"https:\/\/escuelataboga.com\/#\/schema\/logo\/image\/","url":"https:\/\/escuelataboga.com\/wp-content\/uploads\/2024\/05\/taboga-ico.svg","contentUrl":"https:\/\/escuelataboga.com\/wp-content\/uploads\/2024\/05\/taboga-ico.svg","width":512,"height":512,"caption":"Escuela na\u00fatica Taboga"},"image":{"@id":"https:\/\/escuelataboga.com\/#\/schema\/logo\/image\/"},"sameAs":["https:\/\/www.facebook.com\/EsculaDeNavegacionTaboga","https:\/\/www.instagram.com\/tabogaescuela\/"]}]}},"_links":{"self":[{"href":"https:\/\/escuelataboga.com\/en\/wp-json\/wp\/v2\/pages\/57","targetHints":{"allow":["GET"]}}],"collection":[{"href":"https:\/\/escuelataboga.com\/en\/wp-json\/wp\/v2\/pages"}],"about":[{"href":"https:\/\/escuelataboga.com\/en\/wp-json\/wp\/v2\/types\/page"}],"author":[{"embeddable":true,"href":"https:\/\/escuelataboga.com\/en\/wp-json\/wp\/v2\/users\/2"}],"replies":[{"embeddable":true,"href":"https:\/\/escuelataboga.com\/en\/wp-json\/wp\/v2\/comments?post=57"}],"version-history":[{"count":1,"href":"https:\/\/escuelataboga.com\/en\/wp-json\/wp\/v2\/pages\/57\/revisions"}],"predecessor-version":[{"id":1951,"href":"https:\/\/escuelataboga.com\/en\/wp-json\/wp\/v2\/pages\/57\/revisions\/1951"}],"wp:attachment":[{"href":"https:\/\/escuelataboga.com\/en\/wp-json\/wp\/v2\/media?parent=57"}],"curies":[{"name":"wp","href":"https:\/\/api.w.org\/{rel}","templated":true}]}}