{"id":782,"date":"2024-06-19T16:17:23","date_gmt":"2024-06-19T16:17:23","guid":{"rendered":"https:\/\/escuelataboga.com\/?page_id=782"},"modified":"2025-10-16T10:33:59","modified_gmt":"2025-10-16T10:33:59","slug":"politica-cancelacion","status":"publish","type":"page","link":"https:\/\/escuelataboga.com\/en\/politica-cancelacion\/","title":{"rendered":"Cancellation policy"},"content":{"rendered":"<div data-elementor-type=\"wp-page\" data-elementor-id=\"782\" class=\"elementor elementor-782\" data-elementor-post-type=\"page\">\n\t\t\t\t<div class=\"elementor-element elementor-element-eca42e6 e-flex e-con-boxed e-con e-parent\" data-id=\"eca42e6\" data-element_type=\"container\" data-e-type=\"container\">\n\t\t\t\t\t<div class=\"e-con-inner\">\n\t\t\t\t<div class=\"elementor-element elementor-element-faa7760 elementor-widget elementor-widget-heading\" data-id=\"faa7760\" data-element_type=\"widget\" data-e-type=\"widget\" data-widget_type=\"heading.default\">\n\t\t\t\t<div class=\"elementor-widget-container\">\n\t\t\t\t\t<h2 class=\"elementor-heading-title elementor-size-default\">Cancellation policy<\/h2>\t\t\t\t<\/div>\n\t\t\t\t<\/div>\n\t\t\t\t<div class=\"elementor-element elementor-element-70ab3a6 elementor-widget elementor-widget-text-editor\" data-id=\"70ab3a6\" data-element_type=\"widget\" data-e-type=\"widget\" data-widget_type=\"text-editor.default\">\n\t\t\t\t<div class=\"elementor-widget-container\">\n\t\t\t\t\t\t\t\t\t<p>1. General<\/p>\t\t\t\t\t\t\t\t<\/div>\n\t\t\t\t<\/div>\n\t\t\t\t<div class=\"elementor-element elementor-element-e23857e elementor-widget elementor-widget-text-editor\" data-id=\"e23857e\" data-element_type=\"widget\" data-e-type=\"widget\" data-widget_type=\"text-editor.default\">\n\t\t\t\t<div class=\"elementor-widget-container\">\n\t\t\t\t\t\t\t\t\t<p>Once on board the client must recognize and accept the maritime rules and laws. Likewise, you must accept the highest authority of the boat&#039;s master.<\/p>\t\t\t\t\t\t\t\t<\/div>\n\t\t\t\t<\/div>\n\t\t\t\t<div class=\"elementor-element elementor-element-f7c119d elementor-widget elementor-widget-text-editor\" data-id=\"f7c119d\" data-element_type=\"widget\" data-e-type=\"widget\" data-widget_type=\"text-editor.default\">\n\t\t\t\t<div class=\"elementor-widget-container\">\n\t\t\t\t\t\t\t\t\t<p>2. Responsibility<\/p>\t\t\t\t\t\t\t\t<\/div>\n\t\t\t\t<\/div>\n\t\t\t\t<div class=\"elementor-element elementor-element-7cd66ad elementor-widget elementor-widget-text-editor\" data-id=\"7cd66ad\" data-element_type=\"widget\" data-e-type=\"widget\" data-widget_type=\"text-editor.default\">\n\t\t\t\t<div class=\"elementor-widget-container\">\n\t\t\t\t\t\t\t\t\t<p>Unfavorable weather conditions, maritime accidents or circumstances that may endanger the safety of passengers and the ship may cause changes to the travel destinations and ports of embarkation or disembarkation. Likewise, they can be the cause of the interruption of the trip, the carrying out of repairs, returning ahead of schedule, postponing the trip until the appropriate time to sail to port, or the interruption of sailing itself. These changes will be exclusively adopted by the Employer.<br \/>In any of these cases, which are considered force majeure, as a general rule, reimbursement of costs by the organizer or withholding of payments by the client will not be possible.<\/p>\t\t\t\t\t\t\t\t<\/div>\n\t\t\t\t<\/div>\n\t\t\t\t<div class=\"elementor-element elementor-element-524cc7b elementor-widget elementor-widget-text-editor\" data-id=\"524cc7b\" data-element_type=\"widget\" data-e-type=\"widget\" data-widget_type=\"text-editor.default\">\n\t\t\t\t<div class=\"elementor-widget-container\">\n\t\t\t\t\t\t\t\t\t<p>3. Insurance<\/p>\t\t\t\t\t\t\t\t<\/div>\n\t\t\t\t<\/div>\n\t\t\t\t<div class=\"elementor-element elementor-element-ea4ef38 elementor-widget elementor-widget-text-editor\" data-id=\"ea4ef38\" data-element_type=\"widget\" data-e-type=\"widget\" data-widget_type=\"text-editor.default\">\n\t\t\t\t<div class=\"elementor-widget-container\">\n\t\t\t\t\t\t\t\t\t<p>The boat has its Civil Liability and SOVI (Compulsory Travel Insurance) insurance policies.<br \/>The skipper is not responsible for loss or damage to objects of his property that passengers carry with them.<\/p>\t\t\t\t\t\t\t\t<\/div>\n\t\t\t\t<\/div>\n\t\t\t\t<div class=\"elementor-element elementor-element-dae70ec elementor-widget elementor-widget-text-editor\" data-id=\"dae70ec\" data-element_type=\"widget\" data-e-type=\"widget\" data-widget_type=\"text-editor.default\">\n\t\t\t\t<div class=\"elementor-widget-container\">\n\t\t\t\t\t\t\t\t\t<p>4. Payment terms<\/p>\t\t\t\t\t\t\t\t<\/div>\n\t\t\t\t<\/div>\n\t\t\t\t<div class=\"elementor-element elementor-element-343e200 elementor-widget elementor-widget-text-editor\" data-id=\"343e200\" data-element_type=\"widget\" data-e-type=\"widget\" data-widget_type=\"text-editor.default\">\n\t\t\t\t<div class=\"elementor-widget-container\">\n\t\t\t\t\t\t\t\t\t<p>The contract must be signed by the client and sent to Proyectos Navales del Sur SL within 5 calendar days after the date of its issuance, and the client must make the first payment, consisting of 50%, to the account indicated in the document. annex, at the time of signing the contract. Once the first payment has been received, the contract will be valid for all purposes, considering the boat reserved for the client.<br \/>Payment of the total amount of the invoice must be made in the following way: First payment 50% upon signing the contract and the second payment of the remaining 50% maximum ten days before the event.<br \/>In the event that the client refuses to make one of the payments without justified cause according to this contract, the shipowner will have the right to make the reserved boat available to another person on the dates initially reserved by the client. In this case, payments already made will not be refundable.<\/p>\t\t\t\t\t\t\t\t<\/div>\n\t\t\t\t<\/div>\n\t\t\t\t<div class=\"elementor-element elementor-element-6111d51 elementor-widget elementor-widget-text-editor\" data-id=\"6111d51\" data-element_type=\"widget\" data-e-type=\"widget\" data-widget_type=\"text-editor.default\">\n\t\t\t\t<div class=\"elementor-widget-container\">\n\t\t\t\t\t\t\t\t\t<p>5. Service failure<\/p>\t\t\t\t\t\t\t\t<\/div>\n\t\t\t\t<\/div>\n\t\t\t\t<div class=\"elementor-element elementor-element-2011cae elementor-widget elementor-widget-text-editor\" data-id=\"2011cae\" data-element_type=\"widget\" data-e-type=\"widget\" data-widget_type=\"text-editor.default\">\n\t\t\t\t<div class=\"elementor-widget-container\">\n\t\t\t\t\t\t\t\t\t<p>The client will immediately communicate any possible failure in the service to the organizing company in order to solve the problem. Service failures reported after the event will not be considered.<\/p>\t\t\t\t\t\t\t\t<\/div>\n\t\t\t\t<\/div>\n\t\t\t\t<div class=\"elementor-element elementor-element-0f5c409 elementor-widget elementor-widget-text-editor\" data-id=\"0f5c409\" data-element_type=\"widget\" data-e-type=\"widget\" data-widget_type=\"text-editor.default\">\n\t\t\t\t<div class=\"elementor-widget-container\">\n\t\t\t\t\t\t\t\t\t<p>6. Cancellation Policy<\/p>\t\t\t\t\t\t\t\t<\/div>\n\t\t\t\t<\/div>\n\t\t\t\t<div class=\"elementor-element elementor-element-fdde8ba elementor-widget elementor-widget-text-editor\" data-id=\"fdde8ba\" data-element_type=\"widget\" data-e-type=\"widget\" data-widget_type=\"text-editor.default\">\n\t\t\t\t<div class=\"elementor-widget-container\">\n\t\t\t\t\t\t\t\t\t<p>6.1.) In the event that the cancellation occurs due to adverse weather conditions, a decision made by the skipper of the boat, the date may be changed at no cost to the client.<br \/>6.2) In the event that the cancellation of the departure occurs unilaterally by the client, the cancellation costs will depend on the advance notice with which it is communicated:<\/p><p style=\"padding-left: 40px;\">a) Up to 10 days before the event, cancellation costs will be 25% of the first payment<br \/>b) Subsequently, the cancellation costs will be 100% of the event price.<br \/>It is strictly prohibited to carry any type of weapons on board and consume drugs.<\/p>\t\t\t\t\t\t\t\t<\/div>\n\t\t\t\t<\/div>\n\t\t\t\t<div class=\"elementor-element elementor-element-56d81b4 elementor-widget elementor-widget-text-editor\" data-id=\"56d81b4\" data-element_type=\"widget\" data-e-type=\"widget\" data-widget_type=\"text-editor.default\">\n\t\t\t\t<div class=\"elementor-widget-container\">\n\t\t\t\t\t\t\t\t\t<p>7. Jurisdiction<\/p>\t\t\t\t\t\t\t\t<\/div>\n\t\t\t\t<\/div>\n\t\t\t\t<div class=\"elementor-element elementor-element-7629e7b elementor-widget elementor-widget-text-editor\" data-id=\"7629e7b\" data-element_type=\"widget\" data-e-type=\"widget\" data-widget_type=\"text-editor.default\">\n\t\t\t\t<div class=\"elementor-widget-container\">\n\t\t\t\t\t\t\t\t\t<p>Both contracting parties, waiving their own jurisdiction if they have any, expressly and manifestly submit to the judges and courts of the city of CADIZ, to resolve any issue arising from the interpretation and execution of this contract.<\/p>\t\t\t\t\t\t\t\t<\/div>\n\t\t\t\t<\/div>\n\t\t\t\t<div class=\"elementor-element elementor-element-05757e4 elementor-widget elementor-widget-text-editor\" data-id=\"05757e4\" data-element_type=\"widget\" data-e-type=\"widget\" data-widget_type=\"text-editor.default\">\n\t\t\t\t<div class=\"elementor-widget-container\">\n\t\t\t\t\t\t\t\t\t<p>www. EscuelaTaboga.com<br \/>609508095\/615994501\/956220688<\/p>\t\t\t\t\t\t\t\t<\/div>\n\t\t\t\t<\/div>\n\t\t\t\t\t<\/div>\n\t\t\t\t<\/div>\n\t\t\t\t<\/div>","protected":false},"excerpt":{"rendered":"<p>Pol\u00edtica de cancelaci\u00f3n 1. General Una vez a bordo el cliente debe reconocer y aceptar las reglas y leyes mar\u00edtimas. Asimismo, debe aceptar la m\u00e1xima autoridad del patr\u00f3n de la embarcaci\u00f3n. 2. Responsabilidad Las condiciones de clima desfavorables, accidentes mar\u00edtimos o circunstancias que puedan poner en peligro la seguridad de los pasajeros y del barco, [&hellip;]<\/p>\n","protected":false},"author":2,"featured_media":0,"parent":0,"menu_order":0,"comment_status":"closed","ping_status":"closed","template":"","meta":{"footnotes":""},"class_list":["post-782","page","type-page","status-publish","hentry"],"yoast_head":"<!-- This site is optimized with the Yoast SEO plugin v27.4 - https:\/\/yoast.com\/product\/yoast-seo-wordpress\/ -->\n<title>Pol\u00edtica de cancelaci\u00f3n | Escuela Taboga<\/title>\n<meta name=\"robots\" content=\"noindex, nofollow\" \/>\n<meta property=\"og:locale\" content=\"en_GB\" \/>\n<meta property=\"og:type\" content=\"article\" \/>\n<meta property=\"og:title\" content=\"Pol\u00edtica de cancelaci\u00f3n | Escuela Taboga\" \/>\n<meta property=\"og:description\" content=\"Pol\u00edtica de cancelaci\u00f3n 1. General Una vez a bordo el cliente debe reconocer y aceptar las reglas y leyes mar\u00edtimas. Asimismo, debe aceptar la m\u00e1xima autoridad del patr\u00f3n de la embarcaci\u00f3n. 2. Responsabilidad Las condiciones de clima desfavorables, accidentes mar\u00edtimos o circunstancias que puedan poner en peligro la seguridad de los pasajeros y del barco, [&hellip;]\" \/>\n<meta property=\"og:url\" content=\"https:\/\/escuelataboga.com\/en\/politica-cancelacion\/\" \/>\n<meta property=\"og:site_name\" content=\"Escuela Taboga\" \/>\n<meta property=\"article:publisher\" content=\"https:\/\/www.facebook.com\/EsculaDeNavegacionTaboga\" \/>\n<meta property=\"article:modified_time\" content=\"2025-10-16T10:33:59+00:00\" \/>\n<meta property=\"og:image\" content=\"https:\/\/escuelataboga.com\/wp-content\/uploads\/2024\/08\/Escuela-de-navegacion-Taboga-en-Cadiz.webp\" \/>\n\t<meta property=\"og:image:width\" content=\"398\" \/>\n\t<meta property=\"og:image:height\" content=\"384\" \/>\n\t<meta property=\"og:image:type\" content=\"image\/webp\" \/>\n<meta name=\"twitter:card\" content=\"summary_large_image\" \/>\n<meta name=\"twitter:label1\" content=\"Estimated reading time\" \/>\n\t<meta name=\"twitter:data1\" content=\"3 minutes\" \/>\n<script type=\"application\/ld+json\" class=\"yoast-schema-graph\">{\"@context\":\"https:\\\/\\\/schema.org\",\"@graph\":[{\"@type\":\"WebPage\",\"@id\":\"https:\\\/\\\/escuelataboga.com\\\/politica-cancelacion\\\/\",\"url\":\"https:\\\/\\\/escuelataboga.com\\\/politica-cancelacion\\\/\",\"name\":\"Pol\u00edtica de cancelaci\u00f3n | Escuela Taboga\",\"isPartOf\":{\"@id\":\"https:\\\/\\\/escuelataboga.com\\\/#website\"},\"datePublished\":\"2024-06-19T16:17:23+00:00\",\"dateModified\":\"2025-10-16T10:33:59+00:00\",\"breadcrumb\":{\"@id\":\"https:\\\/\\\/escuelataboga.com\\\/politica-cancelacion\\\/#breadcrumb\"},\"inLanguage\":\"en-GB\",\"potentialAction\":[{\"@type\":\"ReadAction\",\"target\":[\"https:\\\/\\\/escuelataboga.com\\\/politica-cancelacion\\\/\"]}]},{\"@type\":\"BreadcrumbList\",\"@id\":\"https:\\\/\\\/escuelataboga.com\\\/politica-cancelacion\\\/#breadcrumb\",\"itemListElement\":[{\"@type\":\"ListItem\",\"position\":1,\"name\":\"Portada\",\"item\":\"https:\\\/\\\/escuelataboga.com\\\/\"},{\"@type\":\"ListItem\",\"position\":2,\"name\":\"Pol\u00edtica de cancelaci\u00f3n\"}]},{\"@type\":\"WebSite\",\"@id\":\"https:\\\/\\\/escuelataboga.com\\\/#website\",\"url\":\"https:\\\/\\\/escuelataboga.com\\\/\",\"name\":\"Escuela Taboga\",\"description\":\"Escuela de navegaci\u00f3n y na\u00fatica en C\u00e1diz\",\"publisher\":{\"@id\":\"https:\\\/\\\/escuelataboga.com\\\/#organization\"},\"alternateName\":\"Escuela na\u00fatica Taboga\",\"potentialAction\":[{\"@type\":\"SearchAction\",\"target\":{\"@type\":\"EntryPoint\",\"urlTemplate\":\"https:\\\/\\\/escuelataboga.com\\\/?s={search_term_string}\"},\"query-input\":{\"@type\":\"PropertyValueSpecification\",\"valueRequired\":true,\"valueName\":\"search_term_string\"}}],\"inLanguage\":\"en-GB\"},{\"@type\":\"Organization\",\"@id\":\"https:\\\/\\\/escuelataboga.com\\\/#organization\",\"name\":\"Escuela na\u00fatica Taboga\",\"alternateName\":\"Escuela de navegaci\u00f3n y na\u00fatica Taboga en C\u00e1diz\",\"url\":\"https:\\\/\\\/escuelataboga.com\\\/\",\"logo\":{\"@type\":\"ImageObject\",\"inLanguage\":\"en-GB\",\"@id\":\"https:\\\/\\\/escuelataboga.com\\\/#\\\/schema\\\/logo\\\/image\\\/\",\"url\":\"https:\\\/\\\/escuelataboga.com\\\/wp-content\\\/uploads\\\/2024\\\/05\\\/taboga-ico.svg\",\"contentUrl\":\"https:\\\/\\\/escuelataboga.com\\\/wp-content\\\/uploads\\\/2024\\\/05\\\/taboga-ico.svg\",\"width\":512,\"height\":512,\"caption\":\"Escuela na\u00fatica Taboga\"},\"image\":{\"@id\":\"https:\\\/\\\/escuelataboga.com\\\/#\\\/schema\\\/logo\\\/image\\\/\"},\"sameAs\":[\"https:\\\/\\\/www.facebook.com\\\/EsculaDeNavegacionTaboga\",\"https:\\\/\\\/www.instagram.com\\\/tabogaescuela\\\/\"]}]}<\/script>\n<!-- \/ Yoast SEO plugin. -->","yoast_head_json":{"title":"Cancellation Policy | Taboga School","robots":{"index":"noindex","follow":"nofollow"},"og_locale":"en_GB","og_type":"article","og_title":"Pol\u00edtica de cancelaci\u00f3n | Escuela Taboga","og_description":"Pol\u00edtica de cancelaci\u00f3n 1. General Una vez a bordo el cliente debe reconocer y aceptar las reglas y leyes mar\u00edtimas. Asimismo, debe aceptar la m\u00e1xima autoridad del patr\u00f3n de la embarcaci\u00f3n. 2. Responsabilidad Las condiciones de clima desfavorables, accidentes mar\u00edtimos o circunstancias que puedan poner en peligro la seguridad de los pasajeros y del barco, [&hellip;]","og_url":"https:\/\/escuelataboga.com\/en\/politica-cancelacion\/","og_site_name":"Escuela Taboga","article_publisher":"https:\/\/www.facebook.com\/EsculaDeNavegacionTaboga","article_modified_time":"2025-10-16T10:33:59+00:00","og_image":[{"width":398,"height":384,"url":"https:\/\/escuelataboga.com\/wp-content\/uploads\/2024\/08\/Escuela-de-navegacion-Taboga-en-Cadiz.webp","type":"image\/webp"}],"twitter_card":"summary_large_image","twitter_misc":{"Estimated reading time":"3 minutes"},"schema":{"@context":"https:\/\/schema.org","@graph":[{"@type":"WebPage","@id":"https:\/\/escuelataboga.com\/politica-cancelacion\/","url":"https:\/\/escuelataboga.com\/politica-cancelacion\/","name":"Cancellation Policy | Taboga School","isPartOf":{"@id":"https:\/\/escuelataboga.com\/#website"},"datePublished":"2024-06-19T16:17:23+00:00","dateModified":"2025-10-16T10:33:59+00:00","breadcrumb":{"@id":"https:\/\/escuelataboga.com\/politica-cancelacion\/#breadcrumb"},"inLanguage":"en-GB","potentialAction":[{"@type":"ReadAction","target":["https:\/\/escuelataboga.com\/politica-cancelacion\/"]}]},{"@type":"BreadcrumbList","@id":"https:\/\/escuelataboga.com\/politica-cancelacion\/#breadcrumb","itemListElement":[{"@type":"ListItem","position":1,"name":"Portada","item":"https:\/\/escuelataboga.com\/"},{"@type":"ListItem","position":2,"name":"Pol\u00edtica de cancelaci\u00f3n"}]},{"@type":"WebSite","@id":"https:\/\/escuelataboga.com\/#website","url":"https:\/\/escuelataboga.com\/","name":"Taboga School","description":"School of navigation and nautical science in Cadiz","publisher":{"@id":"https:\/\/escuelataboga.com\/#organization"},"alternateName":"Escuela na\u00fatica Taboga","potentialAction":[{"@type":"SearchAction","target":{"@type":"EntryPoint","urlTemplate":"https:\/\/escuelataboga.com\/?s={search_term_string}"},"query-input":{"@type":"PropertyValueSpecification","valueRequired":true,"valueName":"search_term_string"}}],"inLanguage":"en-GB"},{"@type":"Organization","@id":"https:\/\/escuelataboga.com\/#organization","name":"Taboga Nautical School","alternateName":"Escuela de navegaci\u00f3n y na\u00fatica Taboga en C\u00e1diz","url":"https:\/\/escuelataboga.com\/","logo":{"@type":"ImageObject","inLanguage":"en-GB","@id":"https:\/\/escuelataboga.com\/#\/schema\/logo\/image\/","url":"https:\/\/escuelataboga.com\/wp-content\/uploads\/2024\/05\/taboga-ico.svg","contentUrl":"https:\/\/escuelataboga.com\/wp-content\/uploads\/2024\/05\/taboga-ico.svg","width":512,"height":512,"caption":"Escuela na\u00fatica Taboga"},"image":{"@id":"https:\/\/escuelataboga.com\/#\/schema\/logo\/image\/"},"sameAs":["https:\/\/www.facebook.com\/EsculaDeNavegacionTaboga","https:\/\/www.instagram.com\/tabogaescuela\/"]}]}},"_links":{"self":[{"href":"https:\/\/escuelataboga.com\/en\/wp-json\/wp\/v2\/pages\/782","targetHints":{"allow":["GET"]}}],"collection":[{"href":"https:\/\/escuelataboga.com\/en\/wp-json\/wp\/v2\/pages"}],"about":[{"href":"https:\/\/escuelataboga.com\/en\/wp-json\/wp\/v2\/types\/page"}],"author":[{"embeddable":true,"href":"https:\/\/escuelataboga.com\/en\/wp-json\/wp\/v2\/users\/2"}],"replies":[{"embeddable":true,"href":"https:\/\/escuelataboga.com\/en\/wp-json\/wp\/v2\/comments?post=782"}],"version-history":[{"count":1,"href":"https:\/\/escuelataboga.com\/en\/wp-json\/wp\/v2\/pages\/782\/revisions"}],"predecessor-version":[{"id":1969,"href":"https:\/\/escuelataboga.com\/en\/wp-json\/wp\/v2\/pages\/782\/revisions\/1969"}],"wp:attachment":[{"href":"https:\/\/escuelataboga.com\/en\/wp-json\/wp\/v2\/media?parent=782"}],"curies":[{"name":"wp","href":"https:\/\/api.w.org\/{rel}","templated":true}]}}